{"id":766,"date":"2025-09-10T12:08:00","date_gmt":"2025-09-10T10:08:00","guid":{"rendered":"https:\/\/grupopavicret.com\/histoire\/"},"modified":"2025-12-12T15:02:01","modified_gmt":"2025-12-12T13:02:01","slug":"histoire","status":"publish","type":"page","link":"https:\/\/grupopavicret.com\/fr\/histoire\/","title":{"rendered":"Histoire"},"content":{"rendered":"\t\t<div data-elementor-type=\"wp-page\" data-elementor-id=\"766\" class=\"elementor elementor-766 elementor-193\" data-elementor-post-type=\"page\">\n\t\t\t\t<div class=\"elementor-element elementor-element-ccc75ab e-con-full e-flex e-con e-parent\" data-id=\"ccc75ab\" data-element_type=\"container\" data-e-type=\"container\" data-settings=\"{&quot;jet_parallax_layout_list&quot;:[]}\">\n\t\t\t\t<div class=\"elementor-element elementor-element-f5a381a elementor-widget-mobile__width-initial elementor-widget elementor-widget-heading\" data-id=\"f5a381a\" data-element_type=\"widget\" data-e-type=\"widget\" data-widget_type=\"heading.default\">\n\t\t\t\t\t<h2 class=\"elementor-heading-title elementor-size-default\">Notre <span style=\"font-family:'Libre Franklin', sans-serif;font-weight:800;color:#3A3A3A\">histoire<\/span>\n<\/h2>\t\t\t\t<\/div>\n\t\t\t\t<div class=\"elementor-element elementor-element-d384513 elementor-widget__width-initial elementor-widget elementor-widget-text-editor\" data-id=\"d384513\" data-element_type=\"widget\" data-e-type=\"widget\" data-widget_type=\"text-editor.default\">\n\t\t\t\t\t\t\t\t\t<p>L\u2019histoire du Groupe Pavicret est celle d\u2019une entreprise n\u00e9e avec la vocation de transformer le secteur des rev\u00eatements de sol et muraux. Depuis nos d\u00e9buts, nous avons mis\u00e9 sur l\u2019innovation, la qualit\u00e9 et la proximit\u00e9 avec le client, en \u00e9voluant d\u2019une marque sp\u00e9cialis\u00e9e dans les solutions pour b\u00e9ton \u00e0 un groupe solide avec diff\u00e9rentes lignes de m\u00e9tier. <\/p>\t\t\t\t\t\t\t\t<\/div>\n\t\t\t\t<\/div>\n\t\t<div class=\"elementor-element elementor-element-943a1ae e-flex e-con-boxed e-con e-parent\" data-id=\"943a1ae\" data-element_type=\"container\" data-e-type=\"container\" data-settings=\"{&quot;jet_parallax_layout_list&quot;:[]}\">\n\t\t\t\t\t<div class=\"e-con-inner\">\n\t\t\t\t<div class=\"elementor-element elementor-element-b07a95a elementor-widget elementor-widget-jet-timeline\" data-id=\"b07a95a\" data-element_type=\"widget\" data-e-type=\"widget\" data-widget_type=\"jet-timeline.default\">\n\t\t\t\t<div class=\"elementor-widget-container\">\n\t\t\t\t\t<div class=\"elementor-jet-timeline jet-elements\"><div class=\"jet-timeline jet-timeline--align-center jet-timeline--align-middle\">\n\t<div class=\"jet-timeline__line\"><div class=\"jet-timeline__line-progress\"><\/div><\/div>\n\t<div class=\"jet-timeline-list\"><div class=\"jet-timeline-item jet-timeline-item--animated elementor-repeater-item-71c139e jet-timeline-item--image-outside_before\">\n\t<div class=\"timeline-item__card\">\n\t\t<div class=\"timeline-item__card-inner\">\n\t\t\t\t<div class=\"timeline-item__card-img\"><img fetchpriority=\"high\" decoding=\"async\" width=\"571\" height=\"324\" src=\"https:\/\/grupopavicret.com\/wp-content\/uploads\/2025\/09\/Fundacion.avif\" class=\"attachment-full size-full wp-image-280\" alt=\"\" srcset=\"https:\/\/grupopavicret.com\/wp-content\/uploads\/2025\/09\/Fundacion.avif 571w, https:\/\/grupopavicret.com\/wp-content\/uploads\/2025\/09\/Fundacion-300x170.avif 300w\" sizes=\"(max-width: 571px) 100vw, 571px\" \/><\/div>\t\t\t\t<div class=\"timeline-item__card-content\">\n\t\t\t\t\t<div class=\"timeline-item__meta\"><\/div><h5 class=\"timeline-item__card-title\">FONDATION<br>2005-2008<\/h5><div class=\"timeline-item__card-desc\">Fondation de Pavicret et r\u00e9alisation des premiers projets en rev\u00eatement de sol industriel et d\u00e9coratif.<\/div>\t\t\t\t<\/div>\n\t\t\t\t\t\t<\/div>\n\t\t<div class=\"timeline-item__card-arrow\"><\/div>\n\t<\/div>\n\t<div class=\"timeline-item__point\"><div class=\"timeline-item__point-content timeline-item__point-content--icon\"><span class=\"jet-elements-icon\"><svg aria-hidden=\"true\" class=\"e-font-icon-svg e-fas-circle\" viewBox=\"0 0 512 512\" xmlns=\"http:\/\/www.w3.org\/2000\/svg\"><path d=\"M256 8C119 8 8 119 8 256s111 248 248 248 248-111 248-248S393 8 256 8z\"><\/path><\/svg><\/span><\/div><\/div><div class=\"timeline-item__meta\"><div class=\"timeline-item__card-img\"><img fetchpriority=\"high\" decoding=\"async\" width=\"571\" height=\"324\" src=\"https:\/\/grupopavicret.com\/wp-content\/uploads\/2025\/09\/Fundacion.avif\" class=\"attachment-full size-full wp-image-280\" alt=\"\" srcset=\"https:\/\/grupopavicret.com\/wp-content\/uploads\/2025\/09\/Fundacion.avif 571w, https:\/\/grupopavicret.com\/wp-content\/uploads\/2025\/09\/Fundacion-300x170.avif 300w\" sizes=\"(max-width: 571px) 100vw, 571px\" \/><\/div><\/div><\/div><div class=\"jet-timeline-item jet-timeline-item--animated elementor-repeater-item-32d1a5e jet-timeline-item--image-outside_after\">\n\t<div class=\"timeline-item__card\">\n\t\t<div class=\"timeline-item__card-inner\">\n\t\t\t\t<div class=\"timeline-item__card-img\"><img decoding=\"async\" width=\"572\" height=\"324\" src=\"https:\/\/grupopavicret.com\/wp-content\/uploads\/2025\/09\/Internacionalizacion_retocada.png\" class=\"attachment-full size-full wp-image-874\" alt=\"\" srcset=\"https:\/\/grupopavicret.com\/wp-content\/uploads\/2025\/09\/Internacionalizacion_retocada.png 572w, https:\/\/grupopavicret.com\/wp-content\/uploads\/2025\/09\/Internacionalizacion_retocada-300x170.png 300w\" sizes=\"(max-width: 572px) 100vw, 572px\" \/><\/div>\t\t\t\t<div class=\"timeline-item__card-content\">\n\t\t\t\t\t<div class=\"timeline-item__meta\"><\/div><h5 class=\"timeline-item__card-title\">Internationalisation<br>2009-2014<\/h5><div class=\"timeline-item__card-desc\">Fondation de Pavicret et r\u00e9alisation des premiers projets en rev\u00eatement de sol industriel et d\u00e9coratif.<\/div>\t\t\t\t<\/div>\n\t\t\t\t\t\t<\/div>\n\t\t<div class=\"timeline-item__card-arrow\"><\/div>\n\t<\/div>\n\t<div class=\"timeline-item__point\"><div class=\"timeline-item__point-content timeline-item__point-content--icon\"><span class=\"jet-elements-icon\"><svg aria-hidden=\"true\" class=\"e-font-icon-svg e-fas-circle\" viewBox=\"0 0 512 512\" xmlns=\"http:\/\/www.w3.org\/2000\/svg\"><path d=\"M256 8C119 8 8 119 8 256s111 248 248 248 248-111 248-248S393 8 256 8z\"><\/path><\/svg><\/span><\/div><\/div><div class=\"timeline-item__meta\"><div class=\"timeline-item__card-img\"><img decoding=\"async\" width=\"572\" height=\"324\" src=\"https:\/\/grupopavicret.com\/wp-content\/uploads\/2025\/09\/Internacionalizacion_retocada.png\" class=\"attachment-full size-full wp-image-874\" alt=\"\" srcset=\"https:\/\/grupopavicret.com\/wp-content\/uploads\/2025\/09\/Internacionalizacion_retocada.png 572w, https:\/\/grupopavicret.com\/wp-content\/uploads\/2025\/09\/Internacionalizacion_retocada-300x170.png 300w\" sizes=\"(max-width: 572px) 100vw, 572px\" \/><\/div><\/div><\/div><div class=\"jet-timeline-item jet-timeline-item--animated elementor-repeater-item-db08373 jet-timeline-item--image-outside_after\">\n\t<div class=\"timeline-item__card\">\n\t\t<div class=\"timeline-item__card-inner\">\n\t\t\t\t<div class=\"timeline-item__card-img\"><img decoding=\"async\" width=\"571\" height=\"324\" src=\"https:\/\/grupopavicret.com\/wp-content\/uploads\/2025\/09\/Grupo-Pavicret.avif\" class=\"attachment-full size-full wp-image-282\" alt=\"\" srcset=\"https:\/\/grupopavicret.com\/wp-content\/uploads\/2025\/09\/Grupo-Pavicret.avif 571w, https:\/\/grupopavicret.com\/wp-content\/uploads\/2025\/09\/Grupo-Pavicret-300x170.avif 300w\" sizes=\"(max-width: 571px) 100vw, 571px\" \/><\/div>\t\t\t\t<div class=\"timeline-item__card-content\">\n\t\t\t\t\t<div class=\"timeline-item__meta\"><\/div><h5 class=\"timeline-item__card-title\">Groupe PaviCret<br>2015-2017<\/h5><div class=\"timeline-item__card-desc\">Nous lan\u00e7ons les marques Colcret et Microdeko pour les int\u00e9grer \u00e0 un m\u00eame groupe&nbsp;: le Groupe Pavicret.<\/div>\t\t\t\t<\/div>\n\t\t\t\t\t\t<\/div>\n\t\t<div class=\"timeline-item__card-arrow\"><\/div>\n\t<\/div>\n\t<div class=\"timeline-item__point\"><div class=\"timeline-item__point-content timeline-item__point-content--icon\"><span class=\"jet-elements-icon\"><svg aria-hidden=\"true\" class=\"e-font-icon-svg e-fas-circle\" viewBox=\"0 0 512 512\" xmlns=\"http:\/\/www.w3.org\/2000\/svg\"><path d=\"M256 8C119 8 8 119 8 256s111 248 248 248 248-111 248-248S393 8 256 8z\"><\/path><\/svg><\/span><\/div><\/div><div class=\"timeline-item__meta\"><div class=\"timeline-item__card-img\"><img decoding=\"async\" width=\"571\" height=\"324\" src=\"https:\/\/grupopavicret.com\/wp-content\/uploads\/2025\/09\/Grupo-Pavicret.avif\" class=\"attachment-full size-full wp-image-282\" alt=\"\" srcset=\"https:\/\/grupopavicret.com\/wp-content\/uploads\/2025\/09\/Grupo-Pavicret.avif 571w, https:\/\/grupopavicret.com\/wp-content\/uploads\/2025\/09\/Grupo-Pavicret-300x170.avif 300w\" sizes=\"(max-width: 571px) 100vw, 571px\" \/><\/div><\/div><\/div><div class=\"jet-timeline-item jet-timeline-item--animated elementor-repeater-item-ed21000 jet-timeline-item--image-outside_after\">\n\t<div class=\"timeline-item__card\">\n\t\t<div class=\"timeline-item__card-inner\">\n\t\t\t\t<div class=\"timeline-item__card-img\"><img loading=\"lazy\" decoding=\"async\" width=\"571\" height=\"324\" src=\"https:\/\/grupopavicret.com\/wp-content\/uploads\/2025\/09\/crecimiento.avif\" class=\"attachment-full size-full wp-image-283\" alt=\"\" srcset=\"https:\/\/grupopavicret.com\/wp-content\/uploads\/2025\/09\/crecimiento.avif 571w, https:\/\/grupopavicret.com\/wp-content\/uploads\/2025\/09\/crecimiento-300x170.avif 300w\" sizes=\"(max-width: 571px) 100vw, 571px\" \/><\/div>\t\t\t\t<div class=\"timeline-item__card-content\">\n\t\t\t\t\t<div class=\"timeline-item__meta\"><\/div><h5 class=\"timeline-item__card-title\">Croissance exponentielle<br>2018-Aujourd\u2019hui<\/h5><div class=\"timeline-item__card-desc\">Croissance exponentielle du Groupe Pavicret gr\u00e2ce \u00e0 la r\u00e9alisation d\u2019\u0153uvres de grande renomm\u00e9e dans le monde entier&nbsp;: stades, h\u00f4tels et grands parcs th\u00e9matiques.<\/div>\t\t\t\t<\/div>\n\t\t\t\t\t\t<\/div>\n\t\t<div class=\"timeline-item__card-arrow\"><\/div>\n\t<\/div>\n\t<div class=\"timeline-item__point\"><div class=\"timeline-item__point-content timeline-item__point-content--icon\"><span class=\"jet-elements-icon\"><svg aria-hidden=\"true\" class=\"e-font-icon-svg e-fas-circle\" viewBox=\"0 0 512 512\" xmlns=\"http:\/\/www.w3.org\/2000\/svg\"><path d=\"M256 8C119 8 8 119 8 256s111 248 248 248 248-111 248-248S393 8 256 8z\"><\/path><\/svg><\/span><\/div><\/div><div class=\"timeline-item__meta\"><div class=\"timeline-item__card-img\"><img loading=\"lazy\" decoding=\"async\" width=\"571\" height=\"324\" src=\"https:\/\/grupopavicret.com\/wp-content\/uploads\/2025\/09\/crecimiento.avif\" class=\"attachment-full size-full wp-image-283\" alt=\"\" srcset=\"https:\/\/grupopavicret.com\/wp-content\/uploads\/2025\/09\/crecimiento.avif 571w, https:\/\/grupopavicret.com\/wp-content\/uploads\/2025\/09\/crecimiento-300x170.avif 300w\" sizes=\"(max-width: 571px) 100vw, 571px\" \/><\/div><\/div><\/div><div class=\"jet-timeline-item jet-timeline-item--animated elementor-repeater-item-0cddc67 jet-timeline-item--image-outside_after\">\n\t<div class=\"timeline-item__card\">\n\t\t<div class=\"timeline-item__card-inner\">\n\t\t\t\t<div class=\"timeline-item__card-img\"><img loading=\"lazy\" decoding=\"async\" width=\"575\" height=\"322\" src=\"https:\/\/grupopavicret.com\/wp-content\/uploads\/2025\/09\/Nave.avif\" class=\"attachment-full size-full wp-image-284\" alt=\"\" srcset=\"https:\/\/grupopavicret.com\/wp-content\/uploads\/2025\/09\/Nave.avif 575w, https:\/\/grupopavicret.com\/wp-content\/uploads\/2025\/09\/Nave-300x168.avif 300w\" sizes=\"(max-width: 575px) 100vw, 575px\" \/><\/div>\t\t\t\t<div class=\"timeline-item__card-content\">\n\t\t\t\t\t<div class=\"timeline-item__meta\"><\/div><h5 class=\"timeline-item__card-title\">Nouvelle usine<br>2023-2025<\/h5><div class=\"timeline-item__card-desc\">Cr\u00e9ation d\u2019une nouvelle usine de 2&nbsp;800&nbsp;m\u00b2 dot\u00e9e des derni\u00e8res technologies. Elle est n\u00e9e de notre forte demande. <\/div>\t\t\t\t<\/div>\n\t\t\t\t\t\t<\/div>\n\t\t<div class=\"timeline-item__card-arrow\"><\/div>\n\t<\/div>\n\t<div class=\"timeline-item__point\"><div class=\"timeline-item__point-content timeline-item__point-content--icon\"><span class=\"jet-elements-icon\"><svg aria-hidden=\"true\" class=\"e-font-icon-svg e-fas-circle\" viewBox=\"0 0 512 512\" xmlns=\"http:\/\/www.w3.org\/2000\/svg\"><path d=\"M256 8C119 8 8 119 8 256s111 248 248 248 248-111 248-248S393 8 256 8z\"><\/path><\/svg><\/span><\/div><\/div><div class=\"timeline-item__meta\"><div class=\"timeline-item__card-img\"><img loading=\"lazy\" decoding=\"async\" width=\"575\" height=\"322\" src=\"https:\/\/grupopavicret.com\/wp-content\/uploads\/2025\/09\/Nave.avif\" class=\"attachment-full size-full wp-image-284\" alt=\"\" srcset=\"https:\/\/grupopavicret.com\/wp-content\/uploads\/2025\/09\/Nave.avif 575w, https:\/\/grupopavicret.com\/wp-content\/uploads\/2025\/09\/Nave-300x168.avif 300w\" sizes=\"(max-width: 575px) 100vw, 575px\" \/><\/div><\/div><\/div><div class=\"jet-timeline-item jet-timeline-item--animated elementor-repeater-item-4365bf7 jet-timeline-item--image-outside_after\">\n\t<div class=\"timeline-item__card\">\n\t\t<div class=\"timeline-item__card-inner\">\n\t\t\t\t<div class=\"timeline-item__card-img\"><img loading=\"lazy\" decoding=\"async\" width=\"1024\" height=\"717\" src=\"https:\/\/grupopavicret.com\/wp-content\/uploads\/2025\/09\/Expansion-1.avif\" class=\"attachment-full size-full wp-image-617\" alt=\"\" srcset=\"https:\/\/grupopavicret.com\/wp-content\/uploads\/2025\/09\/Expansion-1.avif 1024w, https:\/\/grupopavicret.com\/wp-content\/uploads\/2025\/09\/Expansion-1-300x210.avif 300w, https:\/\/grupopavicret.com\/wp-content\/uploads\/2025\/09\/Expansion-1-768x538.avif 768w\" sizes=\"(max-width: 1024px) 100vw, 1024px\" \/><\/div>\t\t\t\t<div class=\"timeline-item__card-content\">\n\t\t\t\t\t<div class=\"timeline-item__meta\"><\/div><h5 class=\"timeline-item__card-title\">Expansion<br>2023-Aujourd\u2019hui<\/h5><div class=\"timeline-item__card-desc\">Expansion\n2023 - Aujourd\u2019hui\nLe Groupe Pavicret s\u2019\u00e9tend \u00e0 de nouveaux march\u00e9s et entre avec toutes ses marques&nbsp;: Pavicret, Colcret et Microdeko.<\/div>\t\t\t\t<\/div>\n\t\t\t\t\t\t<\/div>\n\t\t<div class=\"timeline-item__card-arrow\"><\/div>\n\t<\/div>\n\t<div class=\"timeline-item__point\"><div class=\"timeline-item__point-content timeline-item__point-content--icon\"><span class=\"jet-elements-icon\"><svg aria-hidden=\"true\" class=\"e-font-icon-svg e-fas-circle\" viewBox=\"0 0 512 512\" xmlns=\"http:\/\/www.w3.org\/2000\/svg\"><path d=\"M256 8C119 8 8 119 8 256s111 248 248 248 248-111 248-248S393 8 256 8z\"><\/path><\/svg><\/span><\/div><\/div><div class=\"timeline-item__meta\"><div class=\"timeline-item__card-img\"><img loading=\"lazy\" decoding=\"async\" width=\"1024\" height=\"717\" src=\"https:\/\/grupopavicret.com\/wp-content\/uploads\/2025\/09\/Expansion-1.avif\" class=\"attachment-full size-full wp-image-617\" alt=\"\" srcset=\"https:\/\/grupopavicret.com\/wp-content\/uploads\/2025\/09\/Expansion-1.avif 1024w, https:\/\/grupopavicret.com\/wp-content\/uploads\/2025\/09\/Expansion-1-300x210.avif 300w, https:\/\/grupopavicret.com\/wp-content\/uploads\/2025\/09\/Expansion-1-768x538.avif 768w\" sizes=\"(max-width: 1024px) 100vw, 1024px\" \/><\/div><\/div><\/div><\/div><\/div><\/div>\t\t\t\t<\/div>\n\t\t\t\t<\/div>\n\t\t\t\t\t<\/div>\n\t\t\t\t<\/div>\n\t\t\t\t<\/div>\n\t\t","protected":false},"excerpt":{"rendered":"<p>Notre histoire L\u2019histoire du Groupe Pavicret est celle d\u2019une entreprise n\u00e9e avec la vocation de transformer le secteur des rev\u00eatements de sol et muraux. Depuis nos d\u00e9buts, nous avons mis\u00e9 sur l\u2019innovation, la qualit\u00e9 et la proximit\u00e9 avec le client, en \u00e9voluant d\u2019une marque sp\u00e9cialis\u00e9e dans les solutions pour b\u00e9ton \u00e0 un groupe solide avec [&hellip;]<\/p>\n","protected":false},"author":1,"featured_media":0,"parent":0,"menu_order":0,"comment_status":"closed","ping_status":"open","template":"","meta":{"footnotes":""},"class_list":["post-766","page","type-page","status-publish","hentry"],"yoast_head":"<!-- This site is optimized with the Yoast SEO plugin v27.4 - https:\/\/yoast.com\/product\/yoast-seo-wordpress\/ -->\n<title>Histoire\u00a0: Les d\u00e9buts du Groupe Pavicret - Grupo pavicret<\/title>\n<meta name=\"description\" content=\"D\u00e9couvrez l\u2019histoire du Groupe Pavicret, une r\u00e9f\u00e9rence dans le secteur des rev\u00eatements de sol et muraux depuis ses d\u00e9buts.\" \/>\n<meta name=\"robots\" content=\"index, follow, max-snippet:-1, max-image-preview:large, max-video-preview:-1\" \/>\n<link rel=\"canonical\" href=\"https:\/\/grupopavicret.com\/fr\/histoire\/\" \/>\n<meta property=\"og:locale\" content=\"fr_FR\" \/>\n<meta property=\"og:type\" content=\"article\" \/>\n<meta property=\"og:title\" content=\"Histoire\u00a0: Les d\u00e9buts du Groupe Pavicret - Grupo pavicret\" \/>\n<meta property=\"og:description\" content=\"D\u00e9couvrez l\u2019histoire du Groupe Pavicret, une r\u00e9f\u00e9rence dans le secteur des rev\u00eatements de sol et muraux depuis ses d\u00e9buts.\" \/>\n<meta property=\"og:url\" content=\"https:\/\/grupopavicret.com\/fr\/histoire\/\" \/>\n<meta property=\"og:site_name\" content=\"Grupo pavicret\" \/>\n<meta property=\"article:publisher\" content=\"https:\/\/www.facebook.com\/pavicret\/?locale=es_ES\" \/>\n<meta property=\"article:modified_time\" content=\"2025-12-12T13:02:01+00:00\" \/>\n<meta property=\"og:image\" content=\"http:\/\/grupopavicret.com\/wp-content\/uploads\/2025\/09\/Fundacion.avif\" \/>\n<script type=\"application\/ld+json\" class=\"yoast-schema-graph\">{\"@context\":\"https:\\\/\\\/schema.org\",\"@graph\":[{\"@type\":\"WebPage\",\"@id\":\"https:\\\/\\\/grupopavicret.com\\\/fr\\\/histoire\\\/\",\"url\":\"https:\\\/\\\/grupopavicret.com\\\/fr\\\/histoire\\\/\",\"name\":\"Histoire\u00a0: Les d\u00e9buts du Groupe Pavicret - Grupo pavicret\",\"isPartOf\":{\"@id\":\"https:\\\/\\\/grupopavicret.com\\\/fr\\\/#website\"},\"primaryImageOfPage\":{\"@id\":\"https:\\\/\\\/grupopavicret.com\\\/fr\\\/histoire\\\/#primaryimage\"},\"image\":{\"@id\":\"https:\\\/\\\/grupopavicret.com\\\/fr\\\/histoire\\\/#primaryimage\"},\"thumbnailUrl\":\"http:\\\/\\\/grupopavicret.com\\\/wp-content\\\/uploads\\\/2025\\\/09\\\/Fundacion.avif\",\"datePublished\":\"2025-09-10T10:08:00+00:00\",\"dateModified\":\"2025-12-12T13:02:01+00:00\",\"description\":\"D\u00e9couvrez l\u2019histoire du Groupe Pavicret, une r\u00e9f\u00e9rence dans le secteur des rev\u00eatements de sol et muraux depuis ses d\u00e9buts.\",\"breadcrumb\":{\"@id\":\"https:\\\/\\\/grupopavicret.com\\\/fr\\\/histoire\\\/#breadcrumb\"},\"inLanguage\":\"fr-FR\",\"potentialAction\":[{\"@type\":\"ReadAction\",\"target\":[\"https:\\\/\\\/grupopavicret.com\\\/fr\\\/histoire\\\/\"]}]},{\"@type\":\"ImageObject\",\"inLanguage\":\"fr-FR\",\"@id\":\"https:\\\/\\\/grupopavicret.com\\\/fr\\\/histoire\\\/#primaryimage\",\"url\":\"http:\\\/\\\/grupopavicret.com\\\/wp-content\\\/uploads\\\/2025\\\/09\\\/Fundacion.avif\",\"contentUrl\":\"http:\\\/\\\/grupopavicret.com\\\/wp-content\\\/uploads\\\/2025\\\/09\\\/Fundacion.avif\"},{\"@type\":\"BreadcrumbList\",\"@id\":\"https:\\\/\\\/grupopavicret.com\\\/fr\\\/histoire\\\/#breadcrumb\",\"itemListElement\":[{\"@type\":\"ListItem\",\"position\":1,\"name\":\"Home\",\"item\":\"https:\\\/\\\/grupopavicret.com\\\/fr\\\/accueil\\\/\"},{\"@type\":\"ListItem\",\"position\":2,\"name\":\"Histoire\"}]},{\"@type\":\"WebSite\",\"@id\":\"https:\\\/\\\/grupopavicret.com\\\/fr\\\/#website\",\"url\":\"https:\\\/\\\/grupopavicret.com\\\/fr\\\/\",\"name\":\"Grupo pavicret\",\"description\":\"\",\"publisher\":{\"@id\":\"https:\\\/\\\/grupopavicret.com\\\/fr\\\/#organization\"},\"potentialAction\":[{\"@type\":\"SearchAction\",\"target\":{\"@type\":\"EntryPoint\",\"urlTemplate\":\"https:\\\/\\\/grupopavicret.com\\\/fr\\\/?s={search_term_string}\"},\"query-input\":{\"@type\":\"PropertyValueSpecification\",\"valueRequired\":true,\"valueName\":\"search_term_string\"}}],\"inLanguage\":\"fr-FR\"},{\"@type\":\"Organization\",\"@id\":\"https:\\\/\\\/grupopavicret.com\\\/fr\\\/#organization\",\"name\":\"Grupo pavicret\",\"url\":\"https:\\\/\\\/grupopavicret.com\\\/fr\\\/\",\"logo\":{\"@type\":\"ImageObject\",\"inLanguage\":\"fr-FR\",\"@id\":\"https:\\\/\\\/grupopavicret.com\\\/fr\\\/#\\\/schema\\\/logo\\\/image\\\/\",\"url\":\"http:\\\/\\\/grupopavicret.com\\\/wp-content\\\/uploads\\\/2025\\\/09\\\/Grupo_Pavicret_logo.avif\",\"contentUrl\":\"http:\\\/\\\/grupopavicret.com\\\/wp-content\\\/uploads\\\/2025\\\/09\\\/Grupo_Pavicret_logo.avif\",\"width\":187,\"height\":65,\"caption\":\"Grupo pavicret\"},\"image\":{\"@id\":\"https:\\\/\\\/grupopavicret.com\\\/fr\\\/#\\\/schema\\\/logo\\\/image\\\/\"},\"sameAs\":[\"https:\\\/\\\/www.facebook.com\\\/pavicret\\\/?locale=es_ES\"]}]}<\/script>\n<!-- \/ Yoast SEO plugin. -->","yoast_head_json":{"title":"Histoire\u00a0: Les d\u00e9buts du Groupe Pavicret - Grupo pavicret","description":"D\u00e9couvrez l\u2019histoire du Groupe Pavicret, une r\u00e9f\u00e9rence dans le secteur des rev\u00eatements de sol et muraux depuis ses d\u00e9buts.","robots":{"index":"index","follow":"follow","max-snippet":"max-snippet:-1","max-image-preview":"max-image-preview:large","max-video-preview":"max-video-preview:-1"},"canonical":"https:\/\/grupopavicret.com\/fr\/histoire\/","og_locale":"fr_FR","og_type":"article","og_title":"Histoire\u00a0: Les d\u00e9buts du Groupe Pavicret - Grupo pavicret","og_description":"D\u00e9couvrez l\u2019histoire du Groupe Pavicret, une r\u00e9f\u00e9rence dans le secteur des rev\u00eatements de sol et muraux depuis ses d\u00e9buts.","og_url":"https:\/\/grupopavicret.com\/fr\/histoire\/","og_site_name":"Grupo pavicret","article_publisher":"https:\/\/www.facebook.com\/pavicret\/?locale=es_ES","article_modified_time":"2025-12-12T13:02:01+00:00","og_image":[{"url":"http:\/\/grupopavicret.com\/wp-content\/uploads\/2025\/09\/Fundacion.avif","type":"","width":"","height":""}],"schema":{"@context":"https:\/\/schema.org","@graph":[{"@type":"WebPage","@id":"https:\/\/grupopavicret.com\/fr\/histoire\/","url":"https:\/\/grupopavicret.com\/fr\/histoire\/","name":"Histoire\u00a0: Les d\u00e9buts du Groupe Pavicret - Grupo pavicret","isPartOf":{"@id":"https:\/\/grupopavicret.com\/fr\/#website"},"primaryImageOfPage":{"@id":"https:\/\/grupopavicret.com\/fr\/histoire\/#primaryimage"},"image":{"@id":"https:\/\/grupopavicret.com\/fr\/histoire\/#primaryimage"},"thumbnailUrl":"http:\/\/grupopavicret.com\/wp-content\/uploads\/2025\/09\/Fundacion.avif","datePublished":"2025-09-10T10:08:00+00:00","dateModified":"2025-12-12T13:02:01+00:00","description":"D\u00e9couvrez l\u2019histoire du Groupe Pavicret, une r\u00e9f\u00e9rence dans le secteur des rev\u00eatements de sol et muraux depuis ses d\u00e9buts.","breadcrumb":{"@id":"https:\/\/grupopavicret.com\/fr\/histoire\/#breadcrumb"},"inLanguage":"fr-FR","potentialAction":[{"@type":"ReadAction","target":["https:\/\/grupopavicret.com\/fr\/histoire\/"]}]},{"@type":"ImageObject","inLanguage":"fr-FR","@id":"https:\/\/grupopavicret.com\/fr\/histoire\/#primaryimage","url":"http:\/\/grupopavicret.com\/wp-content\/uploads\/2025\/09\/Fundacion.avif","contentUrl":"http:\/\/grupopavicret.com\/wp-content\/uploads\/2025\/09\/Fundacion.avif"},{"@type":"BreadcrumbList","@id":"https:\/\/grupopavicret.com\/fr\/histoire\/#breadcrumb","itemListElement":[{"@type":"ListItem","position":1,"name":"Home","item":"https:\/\/grupopavicret.com\/fr\/accueil\/"},{"@type":"ListItem","position":2,"name":"Histoire"}]},{"@type":"WebSite","@id":"https:\/\/grupopavicret.com\/fr\/#website","url":"https:\/\/grupopavicret.com\/fr\/","name":"Grupo pavicret","description":"","publisher":{"@id":"https:\/\/grupopavicret.com\/fr\/#organization"},"potentialAction":[{"@type":"SearchAction","target":{"@type":"EntryPoint","urlTemplate":"https:\/\/grupopavicret.com\/fr\/?s={search_term_string}"},"query-input":{"@type":"PropertyValueSpecification","valueRequired":true,"valueName":"search_term_string"}}],"inLanguage":"fr-FR"},{"@type":"Organization","@id":"https:\/\/grupopavicret.com\/fr\/#organization","name":"Grupo pavicret","url":"https:\/\/grupopavicret.com\/fr\/","logo":{"@type":"ImageObject","inLanguage":"fr-FR","@id":"https:\/\/grupopavicret.com\/fr\/#\/schema\/logo\/image\/","url":"http:\/\/grupopavicret.com\/wp-content\/uploads\/2025\/09\/Grupo_Pavicret_logo.avif","contentUrl":"http:\/\/grupopavicret.com\/wp-content\/uploads\/2025\/09\/Grupo_Pavicret_logo.avif","width":187,"height":65,"caption":"Grupo pavicret"},"image":{"@id":"https:\/\/grupopavicret.com\/fr\/#\/schema\/logo\/image\/"},"sameAs":["https:\/\/www.facebook.com\/pavicret\/?locale=es_ES"]}]}},"_links":{"self":[{"href":"https:\/\/grupopavicret.com\/fr\/wp-json\/wp\/v2\/pages\/766","targetHints":{"allow":["GET"]}}],"collection":[{"href":"https:\/\/grupopavicret.com\/fr\/wp-json\/wp\/v2\/pages"}],"about":[{"href":"https:\/\/grupopavicret.com\/fr\/wp-json\/wp\/v2\/types\/page"}],"author":[{"embeddable":true,"href":"https:\/\/grupopavicret.com\/fr\/wp-json\/wp\/v2\/users\/1"}],"replies":[{"embeddable":true,"href":"https:\/\/grupopavicret.com\/fr\/wp-json\/wp\/v2\/comments?post=766"}],"version-history":[{"count":4,"href":"https:\/\/grupopavicret.com\/fr\/wp-json\/wp\/v2\/pages\/766\/revisions"}],"predecessor-version":[{"id":886,"href":"https:\/\/grupopavicret.com\/fr\/wp-json\/wp\/v2\/pages\/766\/revisions\/886"}],"wp:attachment":[{"href":"https:\/\/grupopavicret.com\/fr\/wp-json\/wp\/v2\/media?parent=766"}],"curies":[{"name":"wp","href":"https:\/\/api.w.org\/{rel}","templated":true}]}}