{"id":744,"date":"2025-09-10T12:07:33","date_gmt":"2025-09-10T10:07:33","guid":{"rendered":"https:\/\/grupopavicret.com\/marques\/"},"modified":"2025-12-12T15:04:41","modified_gmt":"2025-12-12T13:04:41","slug":"marques","status":"publish","type":"page","link":"https:\/\/grupopavicret.com\/fr\/marques\/","title":{"rendered":"Marques"},"content":{"rendered":"\t\t<div data-elementor-type=\"wp-page\" data-elementor-id=\"744\" class=\"elementor elementor-744 elementor-188\" data-elementor-post-type=\"page\">\n\t\t\t\t<div class=\"elementor-element elementor-element-0bf0d93 e-con-full e-flex e-con e-parent\" data-id=\"0bf0d93\" data-element_type=\"container\" data-e-type=\"container\" data-settings=\"{&quot;jet_parallax_layout_list&quot;:[]}\">\n\t\t\t\t<div class=\"elementor-element elementor-element-cf5e43a elementor-widget elementor-widget-heading\" data-id=\"cf5e43a\" data-element_type=\"widget\" data-e-type=\"widget\" data-widget_type=\"heading.default\">\n\t\t\t\t\t<h2 class=\"elementor-heading-title elementor-size-default\">Distributeurs <span style=\"font-family:'Libre Franklin', sans-serif;font-weight:700;color:#3A3A3A\">officiels<\/span>\n<\/h2>\t\t\t\t<\/div>\n\t\t\t\t<div class=\"elementor-element elementor-element-3b3b289 elementor-widget__width-initial elementor-widget elementor-widget-text-editor\" data-id=\"3b3b289\" data-element_type=\"widget\" data-e-type=\"widget\" data-widget_type=\"text-editor.default\">\n\t\t\t\t\t\t\t\t\t<p>  Le Groupe Pavicret est \u00e0 l&rsquo;origine de la commercialisation de solutions techniques pour la construction : des rev\u00eatements d\u00e9coratifs de sol et de mur aux colles \u00e0 base de ciment et aux syst\u00e8mes de microciment.<br data-start=\"1218\" data-end=\"1221\">Avec l&rsquo;appui de Pavicret, Colcret et MicroDeko, nous sommes au service des professionnels et des distributeurs du monde entier, en garantissant la qualit\u00e9, l&rsquo;innovation et un support technique sp\u00e9cialis\u00e9.<\/p>\t\t\t\t\t\t\t\t<\/div>\n\t\t\t\t<\/div>\n\t\t<div data-dce-background-image-url=\"http:\/\/grupopavicret.com\/wp-content\/uploads\/2025\/09\/Pavicret.avif\" class=\"elementor-element elementor-element-c261d22 e-con-full e-flex e-con e-parent\" data-id=\"c261d22\" data-element_type=\"container\" data-e-type=\"container\" data-settings=\"{&quot;background_background&quot;:&quot;classic&quot;,&quot;jet_parallax_layout_list&quot;:[]}\">\n\t\t<div class=\"elementor-element elementor-element-6bf12fd e-flex e-con-boxed e-con e-child\" data-id=\"6bf12fd\" data-element_type=\"container\" data-e-type=\"container\" data-settings=\"{&quot;jet_parallax_layout_list&quot;:[]}\">\n\t\t\t\t\t<div class=\"e-con-inner\">\n\t\t\t\t<div class=\"elementor-element elementor-element-0d2dfec elementor-widget elementor-widget-text-editor\" data-id=\"0d2dfec\" data-element_type=\"widget\" data-e-type=\"widget\" data-widget_type=\"text-editor.default\">\n\t\t\t\t\t\t\t\t\tRev\u00eatements de sol industriels, d\u00e9coratifs et <br>solutions int\u00e9grales pour la r\u00e9habilitation\t\t\t\t\t\t\t\t<\/div>\n\t\t\t\t<div data-dce-background-color=\"#00288300\" class=\"elementor-element elementor-element-8291ae3 elementor-widget elementor-widget-button\" data-id=\"8291ae3\" data-element_type=\"widget\" data-e-type=\"widget\" data-widget_type=\"button.default\">\n\t\t\t\t\t\t\t\t\t\t<a class=\"elementor-button elementor-button-link elementor-size-sm elementor-animation-grow\" href=\"https:\/\/pavicret.com\">\n\t\t\t\t\t\t<span class=\"elementor-button-content-wrapper\">\n\t\t\t\t\t\t\t\t\t<span class=\"elementor-button-text\">Voir plus<\/span>\n\t\t\t\t\t<\/span>\n\t\t\t\t\t<\/a>\n\t\t\t\t\t\t\t\t<\/div>\n\t\t\t\t\t<\/div>\n\t\t\t\t<\/div>\n\t\t\t\t<div class=\"elementor-element elementor-element-f57fd1d dce_masking-none elementor-widget elementor-widget-image\" data-id=\"f57fd1d\" data-element_type=\"widget\" data-e-type=\"widget\" data-widget_type=\"image.default\">\n\t\t\t\t\t\t\t\t\t\t\t\t\t\t\t<img decoding=\"async\" width=\"145\" height=\"142\" src=\"https:\/\/grupopavicret.com\/wp-content\/uploads\/2025\/09\/Recurso-9@3x-1.png\" class=\"attachment-large size-large wp-image-747\" alt=\"\" \/>\t\t\t\t\t\t\t\t\t\t\t\t\t\t\t<\/div>\n\t\t\t\t<\/div>\n\t\t<div data-dce-background-image-url=\"http:\/\/grupopavicret.com\/wp-content\/uploads\/2025\/09\/Colcret.avif\" class=\"elementor-element elementor-element-bcc2e82 e-con-full e-flex e-con e-parent\" data-id=\"bcc2e82\" data-element_type=\"container\" data-e-type=\"container\" data-settings=\"{&quot;background_background&quot;:&quot;classic&quot;,&quot;jet_parallax_layout_list&quot;:[]}\">\n\t\t<div class=\"elementor-element elementor-element-42aa403 e-flex e-con-boxed e-con e-child\" data-id=\"42aa403\" data-element_type=\"container\" data-e-type=\"container\" data-settings=\"{&quot;jet_parallax_layout_list&quot;:[]}\">\n\t\t\t\t\t<div class=\"e-con-inner\">\n\t\t\t\t<div class=\"elementor-element elementor-element-3440c59 elementor-widget elementor-widget-text-editor\" data-id=\"3440c59\" data-element_type=\"widget\" data-e-type=\"widget\" data-widget_type=\"text-editor.default\">\n\t\t\t\t\t\t\t\t\tMortiers, adh\u00e9sifs \u00e0 base de ciment<br> et produits d&rsquo;\u00e9tanch\u00e9it\u00e9\t\t\t\t\t\t\t\t<\/div>\n\t\t\t\t<div data-dce-background-color=\"#00288300\" class=\"elementor-element elementor-element-b311bf8 elementor-widget elementor-widget-button\" data-id=\"b311bf8\" data-element_type=\"widget\" data-e-type=\"widget\" data-widget_type=\"button.default\">\n\t\t\t\t\t\t\t\t\t\t<a class=\"elementor-button elementor-button-link elementor-size-sm elementor-animation-grow\" href=\"https:\/\/colcret.com\">\n\t\t\t\t\t\t<span class=\"elementor-button-content-wrapper\">\n\t\t\t\t\t\t\t\t\t<span class=\"elementor-button-text\">Voir plus<\/span>\n\t\t\t\t\t<\/span>\n\t\t\t\t\t<\/a>\n\t\t\t\t\t\t\t\t<\/div>\n\t\t\t\t\t<\/div>\n\t\t\t\t<\/div>\n\t\t\t\t<div class=\"elementor-element elementor-element-36a33b6 dce_masking-none elementor-widget elementor-widget-image\" data-id=\"36a33b6\" data-element_type=\"widget\" data-e-type=\"widget\" data-widget_type=\"image.default\">\n\t\t\t\t\t\t\t\t\t\t\t\t\t\t\t<img decoding=\"async\" width=\"247\" height=\"100\" src=\"https:\/\/grupopavicret.com\/wp-content\/uploads\/2025\/09\/Recurso-5@3x.avif\" class=\"attachment-large size-large wp-image-748\" alt=\"\" \/>\t\t\t\t\t\t\t\t\t\t\t\t\t\t\t<\/div>\n\t\t\t\t<\/div>\n\t\t<div data-dce-background-image-url=\"http:\/\/grupopavicret.com\/wp-content\/uploads\/2025\/09\/MicroDeko.avif\" class=\"elementor-element elementor-element-becaa7d e-con-full e-flex e-con e-parent\" data-id=\"becaa7d\" data-element_type=\"container\" data-e-type=\"container\" data-settings=\"{&quot;background_background&quot;:&quot;classic&quot;,&quot;jet_parallax_layout_list&quot;:[]}\">\n\t\t<div class=\"elementor-element elementor-element-9ea7aa8 e-flex e-con-boxed e-con e-child\" data-id=\"9ea7aa8\" data-element_type=\"container\" data-e-type=\"container\" data-settings=\"{&quot;jet_parallax_layout_list&quot;:[]}\">\n\t\t\t\t\t<div class=\"e-con-inner\">\n\t\t\t\t<div class=\"elementor-element elementor-element-faee6db elementor-widget elementor-widget-text-editor\" data-id=\"faee6db\" data-element_type=\"widget\" data-e-type=\"widget\" data-widget_type=\"text-editor.default\">\n\t\t\t\t\t\t\t\t\tMicrociment pour<br> la d\u00e9coration haut de gamme\t\t\t\t\t\t\t\t<\/div>\n\t\t\t\t<div data-dce-background-color=\"#00288300\" class=\"elementor-element elementor-element-49bb8c5 elementor-widget elementor-widget-button\" data-id=\"49bb8c5\" data-element_type=\"widget\" data-e-type=\"widget\" data-widget_type=\"button.default\">\n\t\t\t\t\t\t\t\t\t\t<a class=\"elementor-button elementor-button-link elementor-size-sm elementor-animation-grow\" href=\"https:\/\/microdeko.com\">\n\t\t\t\t\t\t<span class=\"elementor-button-content-wrapper\">\n\t\t\t\t\t\t\t\t\t<span class=\"elementor-button-text\">Voir plus<\/span>\n\t\t\t\t\t<\/span>\n\t\t\t\t\t<\/a>\n\t\t\t\t\t\t\t\t<\/div>\n\t\t\t\t\t<\/div>\n\t\t\t\t<\/div>\n\t\t\t\t<div class=\"elementor-element elementor-element-500595c dce_masking-none elementor-widget elementor-widget-image\" data-id=\"500595c\" data-element_type=\"widget\" data-e-type=\"widget\" data-widget_type=\"image.default\">\n\t\t\t\t\t\t\t\t\t\t\t\t\t\t\t<img decoding=\"async\" width=\"287\" height=\"89\" src=\"https:\/\/grupopavicret.com\/wp-content\/uploads\/2025\/09\/Recurso-8@3x.avif\" class=\"attachment-large size-large wp-image-751\" alt=\"\" \/>\t\t\t\t\t\t\t\t\t\t\t\t\t\t\t<\/div>\n\t\t\t\t<\/div>\n\t\t<div class=\"elementor-element elementor-element-31e20f5 e-con-full e-flex e-con e-parent\" data-id=\"31e20f5\" data-element_type=\"container\" data-e-type=\"container\" data-settings=\"{&quot;jet_parallax_layout_list&quot;:[]}\">\n\t\t\t\t<div class=\"elementor-element elementor-element-201ad3c elementor-widget elementor-widget-heading\" data-id=\"201ad3c\" data-element_type=\"widget\" data-e-type=\"widget\" data-widget_type=\"heading.default\">\n\t\t\t\t\t<h2 class=\"elementor-heading-title elementor-size-default\">Autres marques<span style=\"font-family:'Libre Franklin', sans-serif;font-weight:700;color:#3A3A3A\">\navec lesquelles nous travaillons<\/span>\n<\/h2>\t\t\t\t<\/div>\n\t\t\t\t<div class=\"elementor-element elementor-element-07004f0 elementor-widget__width-initial elementor-widget elementor-widget-text-editor\" data-id=\"07004f0\" data-element_type=\"widget\" data-e-type=\"widget\" data-widget_type=\"text-editor.default\">\n\t\t\t\t\t\t\t\t\t<p>En plus de nos lignes principales, le <strong>Groupe Pavicret<\/strong> distribue d&rsquo;autres marques sp\u00e9cialis\u00e9es qui compl\u00e8tent notre offre. <strong data-start=\"251\" data-end=\"268\">Master Blades<\/strong> avec sa gamme d&rsquo;outils et de machines professionnels, con\u00e7us pour garantir la pr\u00e9cision, la durabilit\u00e9 et les meilleures performances sur le chantier. D&rsquo;autre part, <strong data-start=\"410\" data-end=\"426\">PFS-Pigments<\/strong> est une marque de pigments inorganiques de haute qualit\u00e9, id\u00e9ale pour fournir une couleur stable et r\u00e9sistante dans les chapes, les mortiers et les b\u00e9tons.<\/p>\t\t\t\t\t\t\t\t<\/div>\n\t\t<div class=\"elementor-element elementor-element-6b20517 e-grid e-con-boxed e-con e-child\" data-id=\"6b20517\" data-element_type=\"container\" data-e-type=\"container\" data-settings=\"{&quot;jet_parallax_layout_list&quot;:[]}\">\n\t\t\t\t\t<div class=\"e-con-inner\">\n\t\t\t\t<div class=\"elementor-element elementor-element-1e55287 dce_masking-none elementor-widget elementor-widget-image\" data-id=\"1e55287\" data-element_type=\"widget\" data-e-type=\"widget\" data-widget_type=\"image.default\">\n\t\t\t\t\t\t\t\t\t\t\t\t\t\t\t<img loading=\"lazy\" decoding=\"async\" width=\"154\" height=\"148\" src=\"https:\/\/grupopavicret.com\/wp-content\/uploads\/2025\/09\/Logo_Master_Blades-1.avif\" class=\"attachment-large size-large wp-image-752\" alt=\"\" \/>\t\t\t\t\t\t\t\t\t\t\t\t\t\t\t<\/div>\n\t\t\t\t<div class=\"elementor-element elementor-element-ccf4e4f dce_masking-none elementor-widget elementor-widget-image\" data-id=\"ccf4e4f\" data-element_type=\"widget\" data-e-type=\"widget\" data-widget_type=\"image.default\">\n\t\t\t\t\t\t\t\t\t\t\t\t\t\t\t<img loading=\"lazy\" decoding=\"async\" width=\"216\" height=\"106\" src=\"https:\/\/grupopavicret.com\/wp-content\/uploads\/2025\/09\/Recurso-3pfs-1.avif\" class=\"attachment-large size-large wp-image-753\" alt=\"\" \/>\t\t\t\t\t\t\t\t\t\t\t\t\t\t\t<\/div>\n\t\t\t\t\t<\/div>\n\t\t\t\t<\/div>\n\t\t\t\t<\/div>\n\t\t\t\t<\/div>\n\t\t","protected":false},"excerpt":{"rendered":"<p>Distributeurs officiels Le Groupe Pavicret est \u00e0 l&rsquo;origine de la commercialisation de solutions techniques pour la construction : des rev\u00eatements d\u00e9coratifs de sol et de mur aux colles \u00e0 base de ciment et aux syst\u00e8mes de microciment.Avec l&rsquo;appui de Pavicret, Colcret et MicroDeko, nous sommes au service des professionnels et des distributeurs du monde entier, [&hellip;]<\/p>\n","protected":false},"author":1,"featured_media":0,"parent":0,"menu_order":0,"comment_status":"closed","ping_status":"open","template":"","meta":{"footnotes":""},"class_list":["post-744","page","type-page","status-publish","hentry"],"yoast_head":"<!-- This site is optimized with the Yoast SEO plugin v27.4 - https:\/\/yoast.com\/product\/yoast-seo-wordpress\/ -->\n<title>Marques - Grupo pavicret<\/title>\n<meta name=\"description\" content=\"D\u00e9couvrez les marques du Groupe Pavicret : Pavicret, Colcret et Microdeko, offrant des solutions innovantes dans le domaine de la construction.\" \/>\n<meta name=\"robots\" content=\"index, follow, max-snippet:-1, max-image-preview:large, max-video-preview:-1\" \/>\n<link rel=\"canonical\" href=\"https:\/\/grupopavicret.com\/fr\/marques\/\" \/>\n<meta property=\"og:locale\" content=\"fr_FR\" \/>\n<meta property=\"og:type\" content=\"article\" \/>\n<meta property=\"og:title\" content=\"Marques - Grupo pavicret\" \/>\n<meta property=\"og:description\" content=\"D\u00e9couvrez les marques du Groupe Pavicret : Pavicret, Colcret et Microdeko, offrant des solutions innovantes dans le domaine de la construction.\" \/>\n<meta property=\"og:url\" content=\"https:\/\/grupopavicret.com\/fr\/marques\/\" \/>\n<meta property=\"og:site_name\" content=\"Grupo pavicret\" \/>\n<meta property=\"article:publisher\" content=\"https:\/\/www.facebook.com\/pavicret\/?locale=es_ES\" \/>\n<meta property=\"article:modified_time\" content=\"2025-12-12T13:04:41+00:00\" \/>\n<meta property=\"og:image\" content=\"https:\/\/grupopavicret.com\/wp-content\/uploads\/2025\/09\/Recurso-9@3x-1.png\" \/>\n\t<meta property=\"og:image:width\" content=\"145\" \/>\n\t<meta property=\"og:image:height\" content=\"142\" \/>\n\t<meta property=\"og:image:type\" content=\"image\/png\" \/>\n<script type=\"application\/ld+json\" class=\"yoast-schema-graph\">{\"@context\":\"https:\\\/\\\/schema.org\",\"@graph\":[{\"@type\":\"WebPage\",\"@id\":\"https:\\\/\\\/grupopavicret.com\\\/fr\\\/marques\\\/\",\"url\":\"https:\\\/\\\/grupopavicret.com\\\/fr\\\/marques\\\/\",\"name\":\"Marques - Grupo pavicret\",\"isPartOf\":{\"@id\":\"https:\\\/\\\/grupopavicret.com\\\/fr\\\/#website\"},\"primaryImageOfPage\":{\"@id\":\"https:\\\/\\\/grupopavicret.com\\\/fr\\\/marques\\\/#primaryimage\"},\"image\":{\"@id\":\"https:\\\/\\\/grupopavicret.com\\\/fr\\\/marques\\\/#primaryimage\"},\"thumbnailUrl\":\"https:\\\/\\\/grupopavicret.com\\\/wp-content\\\/uploads\\\/2025\\\/09\\\/Recurso-9@3x-1.png\",\"datePublished\":\"2025-09-10T10:07:33+00:00\",\"dateModified\":\"2025-12-12T13:04:41+00:00\",\"description\":\"D\u00e9couvrez les marques du Groupe Pavicret : Pavicret, Colcret et Microdeko, offrant des solutions innovantes dans le domaine de la construction.\",\"breadcrumb\":{\"@id\":\"https:\\\/\\\/grupopavicret.com\\\/fr\\\/marques\\\/#breadcrumb\"},\"inLanguage\":\"fr-FR\",\"potentialAction\":[{\"@type\":\"ReadAction\",\"target\":[\"https:\\\/\\\/grupopavicret.com\\\/fr\\\/marques\\\/\"]}]},{\"@type\":\"ImageObject\",\"inLanguage\":\"fr-FR\",\"@id\":\"https:\\\/\\\/grupopavicret.com\\\/fr\\\/marques\\\/#primaryimage\",\"url\":\"https:\\\/\\\/grupopavicret.com\\\/wp-content\\\/uploads\\\/2025\\\/09\\\/Recurso-9@3x-1.png\",\"contentUrl\":\"https:\\\/\\\/grupopavicret.com\\\/wp-content\\\/uploads\\\/2025\\\/09\\\/Recurso-9@3x-1.png\"},{\"@type\":\"BreadcrumbList\",\"@id\":\"https:\\\/\\\/grupopavicret.com\\\/fr\\\/marques\\\/#breadcrumb\",\"itemListElement\":[{\"@type\":\"ListItem\",\"position\":1,\"name\":\"Home\",\"item\":\"https:\\\/\\\/grupopavicret.com\\\/fr\\\/accueil\\\/\"},{\"@type\":\"ListItem\",\"position\":2,\"name\":\"Marques\"}]},{\"@type\":\"WebSite\",\"@id\":\"https:\\\/\\\/grupopavicret.com\\\/fr\\\/#website\",\"url\":\"https:\\\/\\\/grupopavicret.com\\\/fr\\\/\",\"name\":\"Grupo pavicret\",\"description\":\"\",\"publisher\":{\"@id\":\"https:\\\/\\\/grupopavicret.com\\\/fr\\\/#organization\"},\"potentialAction\":[{\"@type\":\"SearchAction\",\"target\":{\"@type\":\"EntryPoint\",\"urlTemplate\":\"https:\\\/\\\/grupopavicret.com\\\/fr\\\/?s={search_term_string}\"},\"query-input\":{\"@type\":\"PropertyValueSpecification\",\"valueRequired\":true,\"valueName\":\"search_term_string\"}}],\"inLanguage\":\"fr-FR\"},{\"@type\":\"Organization\",\"@id\":\"https:\\\/\\\/grupopavicret.com\\\/fr\\\/#organization\",\"name\":\"Grupo pavicret\",\"url\":\"https:\\\/\\\/grupopavicret.com\\\/fr\\\/\",\"logo\":{\"@type\":\"ImageObject\",\"inLanguage\":\"fr-FR\",\"@id\":\"https:\\\/\\\/grupopavicret.com\\\/fr\\\/#\\\/schema\\\/logo\\\/image\\\/\",\"url\":\"http:\\\/\\\/grupopavicret.com\\\/wp-content\\\/uploads\\\/2025\\\/09\\\/Grupo_Pavicret_logo.avif\",\"contentUrl\":\"http:\\\/\\\/grupopavicret.com\\\/wp-content\\\/uploads\\\/2025\\\/09\\\/Grupo_Pavicret_logo.avif\",\"width\":187,\"height\":65,\"caption\":\"Grupo pavicret\"},\"image\":{\"@id\":\"https:\\\/\\\/grupopavicret.com\\\/fr\\\/#\\\/schema\\\/logo\\\/image\\\/\"},\"sameAs\":[\"https:\\\/\\\/www.facebook.com\\\/pavicret\\\/?locale=es_ES\"]}]}<\/script>\n<!-- \/ Yoast SEO plugin. -->","yoast_head_json":{"title":"Marques - Grupo pavicret","description":"D\u00e9couvrez les marques du Groupe Pavicret : Pavicret, Colcret et Microdeko, offrant des solutions innovantes dans le domaine de la construction.","robots":{"index":"index","follow":"follow","max-snippet":"max-snippet:-1","max-image-preview":"max-image-preview:large","max-video-preview":"max-video-preview:-1"},"canonical":"https:\/\/grupopavicret.com\/fr\/marques\/","og_locale":"fr_FR","og_type":"article","og_title":"Marques - Grupo pavicret","og_description":"D\u00e9couvrez les marques du Groupe Pavicret : Pavicret, Colcret et Microdeko, offrant des solutions innovantes dans le domaine de la construction.","og_url":"https:\/\/grupopavicret.com\/fr\/marques\/","og_site_name":"Grupo pavicret","article_publisher":"https:\/\/www.facebook.com\/pavicret\/?locale=es_ES","article_modified_time":"2025-12-12T13:04:41+00:00","og_image":[{"width":145,"height":142,"url":"https:\/\/grupopavicret.com\/wp-content\/uploads\/2025\/09\/Recurso-9@3x-1.png","type":"image\/png"}],"schema":{"@context":"https:\/\/schema.org","@graph":[{"@type":"WebPage","@id":"https:\/\/grupopavicret.com\/fr\/marques\/","url":"https:\/\/grupopavicret.com\/fr\/marques\/","name":"Marques - Grupo pavicret","isPartOf":{"@id":"https:\/\/grupopavicret.com\/fr\/#website"},"primaryImageOfPage":{"@id":"https:\/\/grupopavicret.com\/fr\/marques\/#primaryimage"},"image":{"@id":"https:\/\/grupopavicret.com\/fr\/marques\/#primaryimage"},"thumbnailUrl":"https:\/\/grupopavicret.com\/wp-content\/uploads\/2025\/09\/Recurso-9@3x-1.png","datePublished":"2025-09-10T10:07:33+00:00","dateModified":"2025-12-12T13:04:41+00:00","description":"D\u00e9couvrez les marques du Groupe Pavicret : Pavicret, Colcret et Microdeko, offrant des solutions innovantes dans le domaine de la construction.","breadcrumb":{"@id":"https:\/\/grupopavicret.com\/fr\/marques\/#breadcrumb"},"inLanguage":"fr-FR","potentialAction":[{"@type":"ReadAction","target":["https:\/\/grupopavicret.com\/fr\/marques\/"]}]},{"@type":"ImageObject","inLanguage":"fr-FR","@id":"https:\/\/grupopavicret.com\/fr\/marques\/#primaryimage","url":"https:\/\/grupopavicret.com\/wp-content\/uploads\/2025\/09\/Recurso-9@3x-1.png","contentUrl":"https:\/\/grupopavicret.com\/wp-content\/uploads\/2025\/09\/Recurso-9@3x-1.png"},{"@type":"BreadcrumbList","@id":"https:\/\/grupopavicret.com\/fr\/marques\/#breadcrumb","itemListElement":[{"@type":"ListItem","position":1,"name":"Home","item":"https:\/\/grupopavicret.com\/fr\/accueil\/"},{"@type":"ListItem","position":2,"name":"Marques"}]},{"@type":"WebSite","@id":"https:\/\/grupopavicret.com\/fr\/#website","url":"https:\/\/grupopavicret.com\/fr\/","name":"Grupo pavicret","description":"","publisher":{"@id":"https:\/\/grupopavicret.com\/fr\/#organization"},"potentialAction":[{"@type":"SearchAction","target":{"@type":"EntryPoint","urlTemplate":"https:\/\/grupopavicret.com\/fr\/?s={search_term_string}"},"query-input":{"@type":"PropertyValueSpecification","valueRequired":true,"valueName":"search_term_string"}}],"inLanguage":"fr-FR"},{"@type":"Organization","@id":"https:\/\/grupopavicret.com\/fr\/#organization","name":"Grupo pavicret","url":"https:\/\/grupopavicret.com\/fr\/","logo":{"@type":"ImageObject","inLanguage":"fr-FR","@id":"https:\/\/grupopavicret.com\/fr\/#\/schema\/logo\/image\/","url":"http:\/\/grupopavicret.com\/wp-content\/uploads\/2025\/09\/Grupo_Pavicret_logo.avif","contentUrl":"http:\/\/grupopavicret.com\/wp-content\/uploads\/2025\/09\/Grupo_Pavicret_logo.avif","width":187,"height":65,"caption":"Grupo pavicret"},"image":{"@id":"https:\/\/grupopavicret.com\/fr\/#\/schema\/logo\/image\/"},"sameAs":["https:\/\/www.facebook.com\/pavicret\/?locale=es_ES"]}]}},"_links":{"self":[{"href":"https:\/\/grupopavicret.com\/fr\/wp-json\/wp\/v2\/pages\/744","targetHints":{"allow":["GET"]}}],"collection":[{"href":"https:\/\/grupopavicret.com\/fr\/wp-json\/wp\/v2\/pages"}],"about":[{"href":"https:\/\/grupopavicret.com\/fr\/wp-json\/wp\/v2\/types\/page"}],"author":[{"embeddable":true,"href":"https:\/\/grupopavicret.com\/fr\/wp-json\/wp\/v2\/users\/1"}],"replies":[{"embeddable":true,"href":"https:\/\/grupopavicret.com\/fr\/wp-json\/wp\/v2\/comments?post=744"}],"version-history":[{"count":3,"href":"https:\/\/grupopavicret.com\/fr\/wp-json\/wp\/v2\/pages\/744\/revisions"}],"predecessor-version":[{"id":10049,"href":"https:\/\/grupopavicret.com\/fr\/wp-json\/wp\/v2\/pages\/744\/revisions\/10049"}],"wp:attachment":[{"href":"https:\/\/grupopavicret.com\/fr\/wp-json\/wp\/v2\/media?parent=744"}],"curies":[{"name":"wp","href":"https:\/\/api.w.org\/{rel}","templated":true}]}}