{"id":690,"date":"2025-09-10T12:08:30","date_gmt":"2025-09-10T10:08:30","guid":{"rendered":"https:\/\/grupopavicret.com\/projets\/"},"modified":"2026-04-14T13:58:21","modified_gmt":"2026-04-14T11:58:21","slug":"projets","status":"publish","type":"page","link":"https:\/\/grupopavicret.com\/fr\/projets\/","title":{"rendered":"Projets"},"content":{"rendered":"\t\t<div data-elementor-type=\"wp-page\" data-elementor-id=\"690\" class=\"elementor elementor-690 elementor-198\" data-elementor-post-type=\"page\">\n\t\t\t\t<div class=\"elementor-element elementor-element-553e285 e-con-full e-flex e-con e-parent\" data-id=\"553e285\" data-element_type=\"container\" data-e-type=\"container\" data-settings=\"{&quot;jet_parallax_layout_list&quot;:[]}\">\n\t\t\t\t<div class=\"elementor-element elementor-element-3a5ef29 elementor-widget-mobile__width-initial elementor-widget elementor-widget-heading\" data-id=\"3a5ef29\" data-element_type=\"widget\" data-e-type=\"widget\" data-widget_type=\"heading.default\">\n\t\t\t\t\t<h2 class=\"elementor-heading-title elementor-size-default\">Projets<span style=\"font-family:'Libre Franklin', sans-serif;font-weight:800;color:#3A3A3A\"><\/span>\n<\/h2>\t\t\t\t<\/div>\n\t\t\t\t<div class=\"elementor-element elementor-element-4be813a elementor-widget__width-initial elementor-widget elementor-widget-text-editor\" data-id=\"4be813a\" data-element_type=\"widget\" data-e-type=\"widget\" data-widget_type=\"text-editor.default\">\n\t\t\t\t\t\t\t\t\t<p>Nos produits sont pr\u00e9sents dans des projets qui combinent design, r\u00e9sistance et fonctionnalit\u00e9. Chaque \u0153uvre est une preuve de la confiance que les architectes, les constructeurs et les clients accordent au Groupe Pavicret. Des logements et espaces commerciaux aux grands d\u00e9veloppements et infrastructures, nous accompagnons chaque projet avec des solutions adapt\u00e9es qui garantissent des r\u00e9sultats durables et de haute qualit\u00e9.  <\/p>\t\t\t\t\t\t\t\t<\/div>\n\t\t\t\t<\/div>\n\t\t<div class=\"elementor-element elementor-element-5b9a418 e-grid e-con-boxed e-con e-parent\" data-id=\"5b9a418\" data-element_type=\"container\" data-e-type=\"container\" data-settings=\"{&quot;jet_parallax_layout_list&quot;:[]}\">\n\t\t\t\t\t<div class=\"e-con-inner\">\n\t\t\t\t<div class=\"elementor-element elementor-element-dd0fa35 elementor-widget-mobile__width-initial elementor-widget elementor-widget-jet-animated-box\" data-id=\"dd0fa35\" data-element_type=\"widget\" data-e-type=\"widget\" data-widget_type=\"jet-animated-box.default\">\n\t\t\t\t<div class=\"elementor-widget-container\">\n\t\t\t\t\t<div class=\"elementor-jet-animated-box jet-elements\"><div id=\"jet-animated-box-dd0fa35\" class=\"jet-animated-box jet-box-effect-9\" data-settings='{&quot;widgetId&quot;:&quot;dd0fa35&quot;,&quot;switchEventType&quot;:&quot;hover&quot;,&quot;paperFoldDirection&quot;:&quot;left&quot;,&quot;slideOutDirection&quot;:&quot;left&quot;,&quot;peelCornerPosition&quot;:&quot;right&quot;}'>\n\t<div id=\"jet-animated-box__front-dd0fa35\" class=\"jet-animated-box__front\">\n\t\t<div class=\"jet-animated-box__inner\"><div class=\"jet-animated-box__content\"><\/div><\/div>\n\t\t<div class=\"jet-animated-box__overlay\"><\/div><\/div>\n\t<div id=\"jet-animated-box__back-dd0fa35\" class=\"jet-animated-box__back\">\n\t\t<div class=\"jet-animated-box__inner\"><div class=\"jet-animated-box__content\"><h3 class=\"jet-animated-box__title jet-animated-box__title--back\">Roig Arena<\/h3><h4 class=\"jet-animated-box__subtitle jet-animated-box__subtitle--back\"><i class=\"fas fa-border-all\"><\/i> Parking <i class=\"fas fa-map-marker-alt\"><\/i> Valence, Espagne<\/h4><p class=\"jet-animated-box__description jet-animated-box__description--back\">Dans ce projet embl\u00e9matique, nos fibres Refordur ont \u00e9t\u00e9 int\u00e9gr\u00e9es, apportant un contr\u00f4le de la fissuration et une plus grande durabilit\u00e9 aux rev\u00eatements de sol.<\/p><\/div><\/div>\n\t\t<div class=\"jet-animated-box__overlay\"><\/div><\/div>\n<\/div>\n<\/div>\t\t\t\t<\/div>\n\t\t\t\t<\/div>\n\t\t\t\t<div class=\"elementor-element elementor-element-4e15da9 elementor-widget-mobile__width-initial elementor-widget elementor-widget-jet-animated-box\" data-id=\"4e15da9\" data-element_type=\"widget\" data-e-type=\"widget\" data-widget_type=\"jet-animated-box.default\">\n\t\t\t\t<div class=\"elementor-widget-container\">\n\t\t\t\t\t<div class=\"elementor-jet-animated-box jet-elements\"><div id=\"jet-animated-box-4e15da9\" class=\"jet-animated-box jet-box-effect-9\" data-settings='{&quot;widgetId&quot;:&quot;4e15da9&quot;,&quot;switchEventType&quot;:&quot;hover&quot;,&quot;paperFoldDirection&quot;:&quot;left&quot;,&quot;slideOutDirection&quot;:&quot;left&quot;,&quot;peelCornerPosition&quot;:&quot;right&quot;}'>\n\t<div id=\"jet-animated-box__front-4e15da9\" class=\"jet-animated-box__front\">\n\t\t<div class=\"jet-animated-box__inner\"><div class=\"jet-animated-box__content\"><\/div><\/div>\n\t\t<div class=\"jet-animated-box__overlay\"><\/div><\/div>\n\t<div id=\"jet-animated-box__back-4e15da9\" class=\"jet-animated-box__back\">\n\t\t<div class=\"jet-animated-box__inner\"><div class=\"jet-animated-box__content\"><h3 class=\"jet-animated-box__title jet-animated-box__title--back\">Eagle Tower<\/h3><h4 class=\"jet-animated-box__subtitle jet-animated-box__subtitle--back\"><i class=\"fas fa-border-all\"><\/i> R\u00e9sidentiel <i class=\"fas fa-map-marker-alt\"><\/i> Benidorm, Espagne<\/h4><p class=\"jet-animated-box__description jet-animated-box__description--back\">Dans cette tour r\u00e9sidentielle, notre Colcret Flex Premium a \u00e9galement \u00e9t\u00e9 utilis\u00e9, garantissant une adh\u00e9rence impeccable aux rev\u00eatements c\u00e9ramiques.<\/p><\/div><\/div>\n\t\t<div class=\"jet-animated-box__overlay\"><\/div><\/div>\n<\/div>\n<\/div>\t\t\t\t<\/div>\n\t\t\t\t<\/div>\n\t\t\t\t<div class=\"elementor-element elementor-element-f9ac92b elementor-widget-mobile__width-initial elementor-widget elementor-widget-jet-animated-box\" data-id=\"f9ac92b\" data-element_type=\"widget\" data-e-type=\"widget\" data-widget_type=\"jet-animated-box.default\">\n\t\t\t\t<div class=\"elementor-widget-container\">\n\t\t\t\t\t<div class=\"elementor-jet-animated-box jet-elements\"><div id=\"jet-animated-box-f9ac92b\" class=\"jet-animated-box jet-box-effect-9\" data-settings='{&quot;widgetId&quot;:&quot;f9ac92b&quot;,&quot;switchEventType&quot;:&quot;hover&quot;,&quot;paperFoldDirection&quot;:&quot;left&quot;,&quot;slideOutDirection&quot;:&quot;left&quot;,&quot;peelCornerPosition&quot;:&quot;right&quot;}'>\n\t<div id=\"jet-animated-box__front-f9ac92b\" class=\"jet-animated-box__front\">\n\t\t<div class=\"jet-animated-box__inner\"><div class=\"jet-animated-box__content\"><\/div><\/div>\n\t\t<div class=\"jet-animated-box__overlay\"><\/div><\/div>\n\t<div id=\"jet-animated-box__back-f9ac92b\" class=\"jet-animated-box__back\">\n\t\t<div class=\"jet-animated-box__inner\"><div class=\"jet-animated-box__content\"><h3 class=\"jet-animated-box__title jet-animated-box__title--back\">Sunset sailors<\/h3><h4 class=\"jet-animated-box__subtitle jet-animated-box__subtitle--back\"><i class=\"fas fa-border-all\"><\/i> R\u00e9sidentiel <i class=\"fas fa-map-marker-alt\"><\/i> Benidorm, Espagne<\/h4><p class=\"jet-animated-box__description jet-animated-box__description--back\">Notre Joint Clasic a \u00e9galement \u00e9t\u00e9 pr\u00e9sent dans ces appartements, contribuant \u00e0 la finition parfaite des rev\u00eatements c\u00e9ramiques.<\/p><\/div><\/div>\n\t\t<div class=\"jet-animated-box__overlay\"><\/div><\/div>\n<\/div>\n<\/div>\t\t\t\t<\/div>\n\t\t\t\t<\/div>\n\t\t\t\t<div class=\"elementor-element elementor-element-13622e3 elementor-widget-mobile__width-initial elementor-widget elementor-widget-jet-animated-box\" data-id=\"13622e3\" data-element_type=\"widget\" data-e-type=\"widget\" data-widget_type=\"jet-animated-box.default\">\n\t\t\t\t<div class=\"elementor-widget-container\">\n\t\t\t\t\t<div class=\"elementor-jet-animated-box jet-elements\"><div id=\"jet-animated-box-13622e3\" class=\"jet-animated-box jet-box-effect-9\" data-settings='{&quot;widgetId&quot;:&quot;13622e3&quot;,&quot;switchEventType&quot;:&quot;hover&quot;,&quot;paperFoldDirection&quot;:&quot;left&quot;,&quot;slideOutDirection&quot;:&quot;left&quot;,&quot;peelCornerPosition&quot;:&quot;right&quot;}'>\n\t<div id=\"jet-animated-box__front-13622e3\" class=\"jet-animated-box__front\">\n\t\t<div class=\"jet-animated-box__inner\"><div class=\"jet-animated-box__content\"><\/div><\/div>\n\t\t<div class=\"jet-animated-box__overlay\"><\/div><\/div>\n\t<div id=\"jet-animated-box__back-13622e3\" class=\"jet-animated-box__back\">\n\t\t<div class=\"jet-animated-box__inner\"><div class=\"jet-animated-box__content\"><h3 class=\"jet-animated-box__title jet-animated-box__title--back\">Lagoon Village<\/h3><h4 class=\"jet-animated-box__subtitle jet-animated-box__subtitle--back\"><i class=\"fas fa-border-all\"><\/i> R\u00e9sidentiel <i class=\"fas fa-map-marker-alt\"><\/i> Benidorm, Espagne<\/h4><p class=\"jet-animated-box__description jet-animated-box__description--back\">Colcret Porcel\u00e1nico Plus a \u00e9t\u00e9 essentiel dans cette \u0153uvre, garantissant une fixation pr\u00e9cise de la c\u00e9ramique et une finition r\u00e9sistante \u00e0 la salinit\u00e9 et \u00e0 l'humidit\u00e9 de la Laguna Rosa.<\/p><\/div><\/div>\n\t\t<div class=\"jet-animated-box__overlay\"><\/div><\/div>\n<\/div>\n<\/div>\t\t\t\t<\/div>\n\t\t\t\t<\/div>\n\t\t\t\t<div class=\"elementor-element elementor-element-80aa938 elementor-widget-mobile__width-initial elementor-widget elementor-widget-jet-animated-box\" data-id=\"80aa938\" data-element_type=\"widget\" data-e-type=\"widget\" data-widget_type=\"jet-animated-box.default\">\n\t\t\t\t<div class=\"elementor-widget-container\">\n\t\t\t\t\t<div class=\"elementor-jet-animated-box jet-elements\"><div id=\"jet-animated-box-80aa938\" class=\"jet-animated-box jet-box-effect-9\" data-settings='{&quot;widgetId&quot;:&quot;80aa938&quot;,&quot;switchEventType&quot;:&quot;hover&quot;,&quot;paperFoldDirection&quot;:&quot;left&quot;,&quot;slideOutDirection&quot;:&quot;left&quot;,&quot;peelCornerPosition&quot;:&quot;right&quot;}'>\n\t<div id=\"jet-animated-box__front-80aa938\" class=\"jet-animated-box__front\">\n\t\t<div class=\"jet-animated-box__inner\"><div class=\"jet-animated-box__content\"><\/div><\/div>\n\t\t<div class=\"jet-animated-box__overlay\"><\/div><\/div>\n\t<div id=\"jet-animated-box__back-80aa938\" class=\"jet-animated-box__back\">\n\t\t<div class=\"jet-animated-box__inner\"><div class=\"jet-animated-box__content\"><h3 class=\"jet-animated-box__title jet-animated-box__title--back\">Sunset Drive<\/h3><h4 class=\"jet-animated-box__subtitle jet-animated-box__subtitle--back\"><i class=\"fas fa-border-all\"><\/i> R\u00e9sidentiel <i class=\"fas fa-map-marker-alt\"><\/i> Benidorm, Espagne<\/h4><p class=\"jet-animated-box__description jet-animated-box__description--back\">La polyvalence de Colcret Flex a \u00e9t\u00e9 essentielle dans la construction de cette promotion r\u00e9sidentielle exclusive de haut standing sur la c\u00f4te de Benidorm.<\/p><\/div><\/div>\n\t\t<div class=\"jet-animated-box__overlay\"><\/div><\/div>\n<\/div>\n<\/div>\t\t\t\t<\/div>\n\t\t\t\t<\/div>\n\t\t\t\t<div class=\"elementor-element elementor-element-b69f3e2 elementor-widget-mobile__width-initial elementor-widget elementor-widget-jet-animated-box\" data-id=\"b69f3e2\" data-element_type=\"widget\" data-e-type=\"widget\" data-widget_type=\"jet-animated-box.default\">\n\t\t\t\t<div class=\"elementor-widget-container\">\n\t\t\t\t\t<div class=\"elementor-jet-animated-box jet-elements\"><div id=\"jet-animated-box-b69f3e2\" class=\"jet-animated-box jet-box-effect-9\" data-settings='{&quot;widgetId&quot;:&quot;b69f3e2&quot;,&quot;switchEventType&quot;:&quot;hover&quot;,&quot;paperFoldDirection&quot;:&quot;left&quot;,&quot;slideOutDirection&quot;:&quot;left&quot;,&quot;peelCornerPosition&quot;:&quot;right&quot;}'>\n\t<div id=\"jet-animated-box__front-b69f3e2\" class=\"jet-animated-box__front\">\n\t\t<div class=\"jet-animated-box__inner\"><div class=\"jet-animated-box__content\"><\/div><\/div>\n\t\t<div class=\"jet-animated-box__overlay\"><\/div><\/div>\n\t<div id=\"jet-animated-box__back-b69f3e2\" class=\"jet-animated-box__back\">\n\t\t<div class=\"jet-animated-box__inner\"><div class=\"jet-animated-box__content\"><h3 class=\"jet-animated-box__title jet-animated-box__title--back\">Cana Rock<\/h3><h4 class=\"jet-animated-box__subtitle jet-animated-box__subtitle--back\"><i class=\"fas fa-border-all\"><\/i> H\u00f4tel <i class=\"fas fa-map-marker-alt\"><\/i> Punta Cana, R\u00e9p.Dominicaine<\/h4><p class=\"jet-animated-box__description jet-animated-box__description--back\">Dans cet h\u00f4tel, notre solution compl\u00e8te de rev\u00eatement de sol imprim\u00e9 a apport\u00e9 design, r\u00e9sistance et durabilit\u00e9, cr\u00e9ant des surfaces d\u00e9coratives capables de supporter l'intense utilisation touristique.<\/p><\/div><\/div>\n\t\t<div class=\"jet-animated-box__overlay\"><\/div><\/div>\n<\/div>\n<\/div>\t\t\t\t<\/div>\n\t\t\t\t<\/div>\n\t\t\t\t<div class=\"elementor-element elementor-element-3982fb6 elementor-widget-mobile__width-initial elementor-widget elementor-widget-jet-animated-box\" data-id=\"3982fb6\" data-element_type=\"widget\" data-e-type=\"widget\" data-widget_type=\"jet-animated-box.default\">\n\t\t\t\t<div class=\"elementor-widget-container\">\n\t\t\t\t\t<div class=\"elementor-jet-animated-box jet-elements\"><div id=\"jet-animated-box-3982fb6\" class=\"jet-animated-box jet-box-effect-9\" data-settings='{&quot;widgetId&quot;:&quot;3982fb6&quot;,&quot;switchEventType&quot;:&quot;hover&quot;,&quot;paperFoldDirection&quot;:&quot;left&quot;,&quot;slideOutDirection&quot;:&quot;left&quot;,&quot;peelCornerPosition&quot;:&quot;right&quot;}'>\n\t<div id=\"jet-animated-box__front-3982fb6\" class=\"jet-animated-box__front\">\n\t\t<div class=\"jet-animated-box__inner\"><div class=\"jet-animated-box__content\"><\/div><\/div>\n\t\t<div class=\"jet-animated-box__overlay\"><\/div><\/div>\n\t<div id=\"jet-animated-box__back-3982fb6\" class=\"jet-animated-box__back\">\n\t\t<div class=\"jet-animated-box__inner\"><div class=\"jet-animated-box__content\"><h3 class=\"jet-animated-box__title jet-animated-box__title--back\">Sunset Waves<\/h3><h4 class=\"jet-animated-box__subtitle jet-animated-box__subtitle--back\"><i class=\"fas fa-border-all\"><\/i> R\u00e9sidentiel <i class=\"fas fa-map-marker-alt\"><\/i> Benidorm, Espagne<\/h4><p class=\"jet-animated-box__description jet-animated-box__description--back\">Dans ce projet, le r\u00e9sidentiel exclusif en bord de mer \u00e0 Benidorm, Colcret Porcel\u00e1nico Plus a assur\u00e9 une finition c\u00e9ramique impeccable gr\u00e2ce \u00e0 sa haute maniabilit\u00e9 et sa r\u00e9sistance.<\/p><\/div><\/div>\n\t\t<div class=\"jet-animated-box__overlay\"><\/div><\/div>\n<\/div>\n<\/div>\t\t\t\t<\/div>\n\t\t\t\t<\/div>\n\t\t\t\t\t<\/div>\n\t\t\t\t<\/div>\n\t\t\t\t<\/div>\n\t\t","protected":false},"excerpt":{"rendered":"<p>Projets Nos produits sont pr\u00e9sents dans des projets qui combinent design, r\u00e9sistance et fonctionnalit\u00e9. Chaque \u0153uvre est une preuve de la confiance que les architectes, les constructeurs et les clients accordent au Groupe Pavicret. Des logements et espaces commerciaux aux grands d\u00e9veloppements et infrastructures, nous accompagnons chaque projet avec des solutions adapt\u00e9es qui garantissent des [&hellip;]<\/p>\n","protected":false},"author":1,"featured_media":0,"parent":0,"menu_order":0,"comment_status":"closed","ping_status":"open","template":"","meta":{"footnotes":""},"class_list":["post-690","page","type-page","status-publish","hentry"],"yoast_head":"<!-- This site is optimized with the Yoast SEO plugin v27.4 - https:\/\/yoast.com\/product\/yoast-seo-wordpress\/ -->\n<title>Projets - Grupo pavicret<\/title>\n<meta name=\"description\" content=\"D\u00e9couvrez les projets du Groupe Pavicret, o\u00f9 chaque conception refl\u00e8te la confiance des architectes et des clients dans nos solutions.\" \/>\n<meta name=\"robots\" content=\"index, follow, max-snippet:-1, max-image-preview:large, max-video-preview:-1\" \/>\n<link rel=\"canonical\" href=\"https:\/\/grupopavicret.com\/fr\/projets\/\" \/>\n<meta property=\"og:locale\" content=\"fr_FR\" \/>\n<meta property=\"og:type\" content=\"article\" \/>\n<meta property=\"og:title\" content=\"Projets - Grupo pavicret\" \/>\n<meta property=\"og:description\" content=\"D\u00e9couvrez les projets du Groupe Pavicret, o\u00f9 chaque conception refl\u00e8te la confiance des architectes et des clients dans nos solutions.\" \/>\n<meta property=\"og:url\" content=\"https:\/\/grupopavicret.com\/fr\/projets\/\" \/>\n<meta property=\"og:site_name\" content=\"Grupo pavicret\" \/>\n<meta property=\"article:publisher\" content=\"https:\/\/www.facebook.com\/pavicret\/?locale=es_ES\" \/>\n<meta property=\"article:modified_time\" content=\"2026-04-14T11:58:21+00:00\" \/>\n<script type=\"application\/ld+json\" class=\"yoast-schema-graph\">{\"@context\":\"https:\\\/\\\/schema.org\",\"@graph\":[{\"@type\":\"WebPage\",\"@id\":\"https:\\\/\\\/grupopavicret.com\\\/fr\\\/projets\\\/\",\"url\":\"https:\\\/\\\/grupopavicret.com\\\/fr\\\/projets\\\/\",\"name\":\"Projets - Grupo pavicret\",\"isPartOf\":{\"@id\":\"https:\\\/\\\/grupopavicret.com\\\/fr\\\/#website\"},\"datePublished\":\"2025-09-10T10:08:30+00:00\",\"dateModified\":\"2026-04-14T11:58:21+00:00\",\"description\":\"D\u00e9couvrez les projets du Groupe Pavicret, o\u00f9 chaque conception refl\u00e8te la confiance des architectes et des clients dans nos solutions.\",\"breadcrumb\":{\"@id\":\"https:\\\/\\\/grupopavicret.com\\\/fr\\\/projets\\\/#breadcrumb\"},\"inLanguage\":\"fr-FR\",\"potentialAction\":[{\"@type\":\"ReadAction\",\"target\":[\"https:\\\/\\\/grupopavicret.com\\\/fr\\\/projets\\\/\"]}]},{\"@type\":\"BreadcrumbList\",\"@id\":\"https:\\\/\\\/grupopavicret.com\\\/fr\\\/projets\\\/#breadcrumb\",\"itemListElement\":[{\"@type\":\"ListItem\",\"position\":1,\"name\":\"Home\",\"item\":\"https:\\\/\\\/grupopavicret.com\\\/fr\\\/accueil\\\/\"},{\"@type\":\"ListItem\",\"position\":2,\"name\":\"Projets\"}]},{\"@type\":\"WebSite\",\"@id\":\"https:\\\/\\\/grupopavicret.com\\\/fr\\\/#website\",\"url\":\"https:\\\/\\\/grupopavicret.com\\\/fr\\\/\",\"name\":\"Grupo pavicret\",\"description\":\"\",\"publisher\":{\"@id\":\"https:\\\/\\\/grupopavicret.com\\\/fr\\\/#organization\"},\"potentialAction\":[{\"@type\":\"SearchAction\",\"target\":{\"@type\":\"EntryPoint\",\"urlTemplate\":\"https:\\\/\\\/grupopavicret.com\\\/fr\\\/?s={search_term_string}\"},\"query-input\":{\"@type\":\"PropertyValueSpecification\",\"valueRequired\":true,\"valueName\":\"search_term_string\"}}],\"inLanguage\":\"fr-FR\"},{\"@type\":\"Organization\",\"@id\":\"https:\\\/\\\/grupopavicret.com\\\/fr\\\/#organization\",\"name\":\"Grupo pavicret\",\"url\":\"https:\\\/\\\/grupopavicret.com\\\/fr\\\/\",\"logo\":{\"@type\":\"ImageObject\",\"inLanguage\":\"fr-FR\",\"@id\":\"https:\\\/\\\/grupopavicret.com\\\/fr\\\/#\\\/schema\\\/logo\\\/image\\\/\",\"url\":\"http:\\\/\\\/grupopavicret.com\\\/wp-content\\\/uploads\\\/2025\\\/09\\\/Grupo_Pavicret_logo.avif\",\"contentUrl\":\"http:\\\/\\\/grupopavicret.com\\\/wp-content\\\/uploads\\\/2025\\\/09\\\/Grupo_Pavicret_logo.avif\",\"width\":187,\"height\":65,\"caption\":\"Grupo pavicret\"},\"image\":{\"@id\":\"https:\\\/\\\/grupopavicret.com\\\/fr\\\/#\\\/schema\\\/logo\\\/image\\\/\"},\"sameAs\":[\"https:\\\/\\\/www.facebook.com\\\/pavicret\\\/?locale=es_ES\"]}]}<\/script>\n<!-- \/ Yoast SEO plugin. -->","yoast_head_json":{"title":"Projets - Grupo pavicret","description":"D\u00e9couvrez les projets du Groupe Pavicret, o\u00f9 chaque conception refl\u00e8te la confiance des architectes et des clients dans nos solutions.","robots":{"index":"index","follow":"follow","max-snippet":"max-snippet:-1","max-image-preview":"max-image-preview:large","max-video-preview":"max-video-preview:-1"},"canonical":"https:\/\/grupopavicret.com\/fr\/projets\/","og_locale":"fr_FR","og_type":"article","og_title":"Projets - Grupo pavicret","og_description":"D\u00e9couvrez les projets du Groupe Pavicret, o\u00f9 chaque conception refl\u00e8te la confiance des architectes et des clients dans nos solutions.","og_url":"https:\/\/grupopavicret.com\/fr\/projets\/","og_site_name":"Grupo pavicret","article_publisher":"https:\/\/www.facebook.com\/pavicret\/?locale=es_ES","article_modified_time":"2026-04-14T11:58:21+00:00","schema":{"@context":"https:\/\/schema.org","@graph":[{"@type":"WebPage","@id":"https:\/\/grupopavicret.com\/fr\/projets\/","url":"https:\/\/grupopavicret.com\/fr\/projets\/","name":"Projets - Grupo pavicret","isPartOf":{"@id":"https:\/\/grupopavicret.com\/fr\/#website"},"datePublished":"2025-09-10T10:08:30+00:00","dateModified":"2026-04-14T11:58:21+00:00","description":"D\u00e9couvrez les projets du Groupe Pavicret, o\u00f9 chaque conception refl\u00e8te la confiance des architectes et des clients dans nos solutions.","breadcrumb":{"@id":"https:\/\/grupopavicret.com\/fr\/projets\/#breadcrumb"},"inLanguage":"fr-FR","potentialAction":[{"@type":"ReadAction","target":["https:\/\/grupopavicret.com\/fr\/projets\/"]}]},{"@type":"BreadcrumbList","@id":"https:\/\/grupopavicret.com\/fr\/projets\/#breadcrumb","itemListElement":[{"@type":"ListItem","position":1,"name":"Home","item":"https:\/\/grupopavicret.com\/fr\/accueil\/"},{"@type":"ListItem","position":2,"name":"Projets"}]},{"@type":"WebSite","@id":"https:\/\/grupopavicret.com\/fr\/#website","url":"https:\/\/grupopavicret.com\/fr\/","name":"Grupo pavicret","description":"","publisher":{"@id":"https:\/\/grupopavicret.com\/fr\/#organization"},"potentialAction":[{"@type":"SearchAction","target":{"@type":"EntryPoint","urlTemplate":"https:\/\/grupopavicret.com\/fr\/?s={search_term_string}"},"query-input":{"@type":"PropertyValueSpecification","valueRequired":true,"valueName":"search_term_string"}}],"inLanguage":"fr-FR"},{"@type":"Organization","@id":"https:\/\/grupopavicret.com\/fr\/#organization","name":"Grupo pavicret","url":"https:\/\/grupopavicret.com\/fr\/","logo":{"@type":"ImageObject","inLanguage":"fr-FR","@id":"https:\/\/grupopavicret.com\/fr\/#\/schema\/logo\/image\/","url":"http:\/\/grupopavicret.com\/wp-content\/uploads\/2025\/09\/Grupo_Pavicret_logo.avif","contentUrl":"http:\/\/grupopavicret.com\/wp-content\/uploads\/2025\/09\/Grupo_Pavicret_logo.avif","width":187,"height":65,"caption":"Grupo pavicret"},"image":{"@id":"https:\/\/grupopavicret.com\/fr\/#\/schema\/logo\/image\/"},"sameAs":["https:\/\/www.facebook.com\/pavicret\/?locale=es_ES"]}]}},"_links":{"self":[{"href":"https:\/\/grupopavicret.com\/fr\/wp-json\/wp\/v2\/pages\/690","targetHints":{"allow":["GET"]}}],"collection":[{"href":"https:\/\/grupopavicret.com\/fr\/wp-json\/wp\/v2\/pages"}],"about":[{"href":"https:\/\/grupopavicret.com\/fr\/wp-json\/wp\/v2\/types\/page"}],"author":[{"embeddable":true,"href":"https:\/\/grupopavicret.com\/fr\/wp-json\/wp\/v2\/users\/1"}],"replies":[{"embeddable":true,"href":"https:\/\/grupopavicret.com\/fr\/wp-json\/wp\/v2\/comments?post=690"}],"version-history":[{"count":1,"href":"https:\/\/grupopavicret.com\/fr\/wp-json\/wp\/v2\/pages\/690\/revisions"}],"predecessor-version":[{"id":697,"href":"https:\/\/grupopavicret.com\/fr\/wp-json\/wp\/v2\/pages\/690\/revisions\/697"}],"wp:attachment":[{"href":"https:\/\/grupopavicret.com\/fr\/wp-json\/wp\/v2\/media?parent=690"}],"curies":[{"name":"wp","href":"https:\/\/api.w.org\/{rel}","templated":true}]}}