{"id":688,"date":"2025-09-11T11:40:23","date_gmt":"2025-09-11T09:40:23","guid":{"rendered":"https:\/\/grupopavicret.com\/politique-de-cookies\/"},"modified":"2026-04-14T13:58:21","modified_gmt":"2026-04-14T11:58:21","slug":"politique-de-cookies","status":"publish","type":"page","link":"https:\/\/grupopavicret.com\/fr\/politique-de-cookies\/","title":{"rendered":"Politique de cookies"},"content":{"rendered":"\t\t<div data-elementor-type=\"wp-page\" data-elementor-id=\"688\" class=\"elementor elementor-688 elementor-541\" data-elementor-post-type=\"page\">\n\t\t\t\t<div class=\"elementor-element elementor-element-1f56437 e-flex e-con-boxed e-con e-parent\" data-id=\"1f56437\" data-element_type=\"container\" data-e-type=\"container\" data-settings=\"{&quot;jet_parallax_layout_list&quot;:[]}\">\n\t\t\t\t\t<div class=\"e-con-inner\">\n\t\t\t\t<div class=\"elementor-element elementor-element-2f65c85 elementor-widget elementor-widget-heading\" data-id=\"2f65c85\" data-element_type=\"widget\" data-e-type=\"widget\" data-widget_type=\"heading.default\">\n\t\t\t\t\t<h2 class=\"elementor-heading-title elementor-size-default\"><span style=\"font-family:'Libre Franklin', sans-serif;font-weight:700;color:#3A3A3A\">Politique<\/span> de cookies<\/h2>\t\t\t\t<\/div>\n\t\t\t\t<div class=\"elementor-element elementor-element-2e0e723 elementor-widget elementor-widget-text-editor\" data-id=\"2e0e723\" data-element_type=\"widget\" data-e-type=\"widget\" data-widget_type=\"text-editor.default\">\n\t\t\t\t\t\t\t\t\t<p data-start=\"86\" data-end=\"188\">Date d&rsquo;entr\u00e9e en vigueur : 11 septembre 2025<br data-start=\"137\" data-end=\"140\">Derni\u00e8re mise \u00e0 jour : 11 septembre 2025<\/p><p data-start=\"190\" data-end=\"374\">Ce site web utilise des cookies pour am\u00e9liorer l&rsquo;exp\u00e9rience de l&rsquo;utilisateur, analyser la navigation et offrir un contenu personnalis\u00e9. Les cookies utilis\u00e9s sont d\u00e9crits ci-dessous : <\/p><ol data-start=\"376\" data-end=\"2237\"><li data-start=\"376\" data-end=\"657\"><p data-start=\"379\" data-end=\"657\"><strong>Types de cookies utilis\u00e9s :<\/strong><br data-start=\"407\" data-end=\"410\">\u2013 N\u00e9cessaires : fonctionnement de base du site.<br data-start=\"456\" data-end=\"459\">\u2013 Analytiques : collecte de donn\u00e9es de navigation.<br data-start=\"509\" data-end=\"512\">\u2013 Publicitaires : personnalisation des annonces.<br data-start=\"557\" data-end=\"560\">\u2013 Performance : am\u00e9lioration de l&rsquo;exp\u00e9rience utilisateur.<br data-start=\"609\" data-end=\"612\">\u2013 Fonctionnels : caract\u00e9ristiques suppl\u00e9mentaires.<\/p><\/li><li data-start=\"659\" data-end=\"1900\"><p data-start=\"662\" data-end=\"1900\"><strong>Cookies utilis\u00e9s :<\/strong><br data-start=\"681\" data-end=\"684\">(sbjs.migrations) .pavicretgroup.com \u2013 Source de la visite \u2013 Session \u2013 Analytique<br data-start=\"763\" data-end=\"766\">(sbjs.current.add) .pavicretgroup.com \u2013 Suivi des actions \u2013 Session \u2013 Analytique<br data-start=\"850\" data-end=\"853\">(sbjs.first.add) .pavicretgroup.com \u2013 Source initiale \u2013 Session \u2013 Analytique<br data-start=\"926\" data-end=\"929\">(sbjs.udata) .pavicretgroup.com \u2013 Donn\u00e9es de campagne \u2013 Session \u2013 Analytique<br data-start=\"1000\" data-end=\"1003\">(sbjs.session) .pavicretgroup.com \u2013 Session utilisateur \u2013 1 heure \u2013 Analytique<br data-start=\"1077\" data-end=\"1080\">(CLID)  <a class=\"decorated-link\" href=\"http:\/\/www.clarity.ms\" target=\"_new\" rel=\"noopener\" data-start=\"1087\" data-end=\"1101\">www.clarity.ms<\/a> \u2013 Interaction avec le site \u2013 1 an \u2013 Analytique<br data-start=\"1145\" data-end=\"1148\">(_clck) .pavicretgroup.com \u2013 ID d&rsquo;utilisateur Clarity \u2013 1 an \u2013 Analytique<br data-start=\"1218\" data-end=\"1221\">(_clsk) .pavicretgroup.com \u2013 Enregistrement de session \u2013 1 jour \u2013 Analytique<br data-start=\"1289\" data-end=\"1292\">(SM) .c.clarity.ms \u2013 Synchronisation ID \u2013 Session \u2013 Analytique<br data-start=\"1351\" data-end=\"1354\">(MUID) .bing.com \/ .clarity.ms \u2013 Publicit\u00e9 \u2013 1 an 24 jours \u2013 Publicitaire<br data-start=\"1428\" data-end=\"1431\">(MR) .bing.com \/ .clarity.ms \u2013 Publicit\u00e9 \u2013 7 jours \u2013 Publicitaire<br data-start=\"1496\" data-end=\"1499\">(ANONCHK) .c.clarity.ms \u2013 V\u00e9rification des clics \u2013 10 minutes \u2013 Publicitaire<br data-start=\"1574\" data-end=\"1577\">(SRM_B) .c.bing.com \u2013 ID campagnes \u2013 1 an 24 jours \u2013 Performance<br data-start=\"1640\" data-end=\"1643\">(elementor) pavicretgroup.com \u2013 Gestion de contenu \u2013 Persistant \u2013 N\u00e9cessaire<br data-start=\"1721\" data-end=\"1724\">(wpEmojiSettingsSupports) pavicretgroup.com \u2013 Compatibilit\u00e9 emojis \u2013 Session \u2013 N\u00e9cessaire<br data-start=\"1812\" data-end=\"1815\">(cookieyes-consent) pavicretgroup.com \u2013 Pr\u00e9f\u00e9rences de cookies \u2013 1 an \u2013 N\u00e9cessaire<\/p><\/li><li data-start=\"1902\" data-end=\"2086\"><p data-start=\"1905\" data-end=\"2086\"><strong>Gestion des cookies :<\/strong><br data-start=\"1924\" data-end=\"1927\">Vous pouvez configurer ou refuser les cookies \u00e0 partir de la banni\u00e8re ou de l&rsquo;ic\u00f4ne de param\u00e8tres sur le site web. Vous pouvez \u00e9galement les g\u00e9rer \u00e0 partir des param\u00e8tres de votre navigateur.<\/p><\/li><li data-start=\"2088\" data-end=\"2237\"><p data-start=\"2091\" data-end=\"2237\"><strong>Modifications de la politique :<\/strong><br data-start=\"2114\" data-end=\"2117\">PAVICRET, S.L. se r\u00e9serve le droit de modifier cette politique pour l&rsquo;adapter aux futures nouveaut\u00e9s techniques ou l\u00e9gales.<\/p><\/li><\/ol>\t\t\t\t\t\t\t\t<\/div>\n\t\t\t\t\t<\/div>\n\t\t\t\t<\/div>\n\t\t\t\t<\/div>\n\t\t","protected":false},"excerpt":{"rendered":"<p>Politique de cookies Date d&rsquo;entr\u00e9e en vigueur : 11 septembre 2025Derni\u00e8re mise \u00e0 jour : 11 septembre 2025 Ce site web utilise des cookies pour am\u00e9liorer l&rsquo;exp\u00e9rience de l&rsquo;utilisateur, analyser la navigation et offrir un contenu personnalis\u00e9. Les cookies utilis\u00e9s sont d\u00e9crits ci-dessous : Types de cookies utilis\u00e9s :\u2013 N\u00e9cessaires : fonctionnement de base du [&hellip;]<\/p>\n","protected":false},"author":1,"featured_media":0,"parent":0,"menu_order":0,"comment_status":"closed","ping_status":"closed","template":"","meta":{"footnotes":""},"class_list":["post-688","page","type-page","status-publish","hentry"],"yoast_head":"<!-- This site is optimized with the Yoast SEO plugin v27.4 - https:\/\/yoast.com\/product\/yoast-seo-wordpress\/ -->\n<title>Politique de cookies - Grupo pavicret<\/title>\n<meta name=\"robots\" content=\"noindex, nofollow\" \/>\n<meta property=\"og:locale\" content=\"fr_FR\" \/>\n<meta property=\"og:type\" content=\"article\" \/>\n<meta property=\"og:title\" content=\"Politique de cookies - Grupo pavicret\" \/>\n<meta property=\"og:description\" content=\"Politique de cookies Date d&rsquo;entr\u00e9e en vigueur : 11 septembre 2025Derni\u00e8re mise \u00e0 jour : 11 septembre 2025 Ce site web utilise des cookies pour am\u00e9liorer l&rsquo;exp\u00e9rience de l&rsquo;utilisateur, analyser la navigation et offrir un contenu personnalis\u00e9. Les cookies utilis\u00e9s sont d\u00e9crits ci-dessous : Types de cookies utilis\u00e9s :\u2013 N\u00e9cessaires : fonctionnement de base du [&hellip;]\" \/>\n<meta property=\"og:url\" content=\"https:\/\/grupopavicret.com\/fr\/politique-de-cookies\/\" \/>\n<meta property=\"og:site_name\" content=\"Grupo pavicret\" \/>\n<meta property=\"article:publisher\" content=\"https:\/\/www.facebook.com\/pavicret\/?locale=es_ES\" \/>\n<meta property=\"article:modified_time\" content=\"2026-04-14T11:58:21+00:00\" \/>\n<script type=\"application\/ld+json\" class=\"yoast-schema-graph\">{\"@context\":\"https:\\\/\\\/schema.org\",\"@graph\":[{\"@type\":\"WebPage\",\"@id\":\"https:\\\/\\\/grupopavicret.com\\\/fr\\\/politique-de-cookies\\\/\",\"url\":\"https:\\\/\\\/grupopavicret.com\\\/fr\\\/politique-de-cookies\\\/\",\"name\":\"Politique de cookies - Grupo pavicret\",\"isPartOf\":{\"@id\":\"https:\\\/\\\/grupopavicret.com\\\/fr\\\/#website\"},\"datePublished\":\"2025-09-11T09:40:23+00:00\",\"dateModified\":\"2026-04-14T11:58:21+00:00\",\"breadcrumb\":{\"@id\":\"https:\\\/\\\/grupopavicret.com\\\/fr\\\/politique-de-cookies\\\/#breadcrumb\"},\"inLanguage\":\"fr-FR\",\"potentialAction\":[{\"@type\":\"ReadAction\",\"target\":[\"https:\\\/\\\/grupopavicret.com\\\/fr\\\/politique-de-cookies\\\/\"]}]},{\"@type\":\"BreadcrumbList\",\"@id\":\"https:\\\/\\\/grupopavicret.com\\\/fr\\\/politique-de-cookies\\\/#breadcrumb\",\"itemListElement\":[{\"@type\":\"ListItem\",\"position\":1,\"name\":\"Home\",\"item\":\"https:\\\/\\\/grupopavicret.com\\\/fr\\\/accueil\\\/\"},{\"@type\":\"ListItem\",\"position\":2,\"name\":\"Politique de cookies\"}]},{\"@type\":\"WebSite\",\"@id\":\"https:\\\/\\\/grupopavicret.com\\\/fr\\\/#website\",\"url\":\"https:\\\/\\\/grupopavicret.com\\\/fr\\\/\",\"name\":\"Grupo pavicret\",\"description\":\"\",\"publisher\":{\"@id\":\"https:\\\/\\\/grupopavicret.com\\\/fr\\\/#organization\"},\"potentialAction\":[{\"@type\":\"SearchAction\",\"target\":{\"@type\":\"EntryPoint\",\"urlTemplate\":\"https:\\\/\\\/grupopavicret.com\\\/fr\\\/?s={search_term_string}\"},\"query-input\":{\"@type\":\"PropertyValueSpecification\",\"valueRequired\":true,\"valueName\":\"search_term_string\"}}],\"inLanguage\":\"fr-FR\"},{\"@type\":\"Organization\",\"@id\":\"https:\\\/\\\/grupopavicret.com\\\/fr\\\/#organization\",\"name\":\"Grupo pavicret\",\"url\":\"https:\\\/\\\/grupopavicret.com\\\/fr\\\/\",\"logo\":{\"@type\":\"ImageObject\",\"inLanguage\":\"fr-FR\",\"@id\":\"https:\\\/\\\/grupopavicret.com\\\/fr\\\/#\\\/schema\\\/logo\\\/image\\\/\",\"url\":\"http:\\\/\\\/grupopavicret.com\\\/wp-content\\\/uploads\\\/2025\\\/09\\\/Grupo_Pavicret_logo.avif\",\"contentUrl\":\"http:\\\/\\\/grupopavicret.com\\\/wp-content\\\/uploads\\\/2025\\\/09\\\/Grupo_Pavicret_logo.avif\",\"width\":187,\"height\":65,\"caption\":\"Grupo pavicret\"},\"image\":{\"@id\":\"https:\\\/\\\/grupopavicret.com\\\/fr\\\/#\\\/schema\\\/logo\\\/image\\\/\"},\"sameAs\":[\"https:\\\/\\\/www.facebook.com\\\/pavicret\\\/?locale=es_ES\"]}]}<\/script>\n<!-- \/ Yoast SEO plugin. -->","yoast_head_json":{"title":"Politique de cookies - Grupo pavicret","robots":{"index":"noindex","follow":"nofollow"},"og_locale":"fr_FR","og_type":"article","og_title":"Politique de cookies - Grupo pavicret","og_description":"Politique de cookies Date d&rsquo;entr\u00e9e en vigueur : 11 septembre 2025Derni\u00e8re mise \u00e0 jour : 11 septembre 2025 Ce site web utilise des cookies pour am\u00e9liorer l&rsquo;exp\u00e9rience de l&rsquo;utilisateur, analyser la navigation et offrir un contenu personnalis\u00e9. Les cookies utilis\u00e9s sont d\u00e9crits ci-dessous : Types de cookies utilis\u00e9s :\u2013 N\u00e9cessaires : fonctionnement de base du [&hellip;]","og_url":"https:\/\/grupopavicret.com\/fr\/politique-de-cookies\/","og_site_name":"Grupo pavicret","article_publisher":"https:\/\/www.facebook.com\/pavicret\/?locale=es_ES","article_modified_time":"2026-04-14T11:58:21+00:00","schema":{"@context":"https:\/\/schema.org","@graph":[{"@type":"WebPage","@id":"https:\/\/grupopavicret.com\/fr\/politique-de-cookies\/","url":"https:\/\/grupopavicret.com\/fr\/politique-de-cookies\/","name":"Politique de cookies - Grupo pavicret","isPartOf":{"@id":"https:\/\/grupopavicret.com\/fr\/#website"},"datePublished":"2025-09-11T09:40:23+00:00","dateModified":"2026-04-14T11:58:21+00:00","breadcrumb":{"@id":"https:\/\/grupopavicret.com\/fr\/politique-de-cookies\/#breadcrumb"},"inLanguage":"fr-FR","potentialAction":[{"@type":"ReadAction","target":["https:\/\/grupopavicret.com\/fr\/politique-de-cookies\/"]}]},{"@type":"BreadcrumbList","@id":"https:\/\/grupopavicret.com\/fr\/politique-de-cookies\/#breadcrumb","itemListElement":[{"@type":"ListItem","position":1,"name":"Home","item":"https:\/\/grupopavicret.com\/fr\/accueil\/"},{"@type":"ListItem","position":2,"name":"Politique de cookies"}]},{"@type":"WebSite","@id":"https:\/\/grupopavicret.com\/fr\/#website","url":"https:\/\/grupopavicret.com\/fr\/","name":"Grupo pavicret","description":"","publisher":{"@id":"https:\/\/grupopavicret.com\/fr\/#organization"},"potentialAction":[{"@type":"SearchAction","target":{"@type":"EntryPoint","urlTemplate":"https:\/\/grupopavicret.com\/fr\/?s={search_term_string}"},"query-input":{"@type":"PropertyValueSpecification","valueRequired":true,"valueName":"search_term_string"}}],"inLanguage":"fr-FR"},{"@type":"Organization","@id":"https:\/\/grupopavicret.com\/fr\/#organization","name":"Grupo pavicret","url":"https:\/\/grupopavicret.com\/fr\/","logo":{"@type":"ImageObject","inLanguage":"fr-FR","@id":"https:\/\/grupopavicret.com\/fr\/#\/schema\/logo\/image\/","url":"http:\/\/grupopavicret.com\/wp-content\/uploads\/2025\/09\/Grupo_Pavicret_logo.avif","contentUrl":"http:\/\/grupopavicret.com\/wp-content\/uploads\/2025\/09\/Grupo_Pavicret_logo.avif","width":187,"height":65,"caption":"Grupo pavicret"},"image":{"@id":"https:\/\/grupopavicret.com\/fr\/#\/schema\/logo\/image\/"},"sameAs":["https:\/\/www.facebook.com\/pavicret\/?locale=es_ES"]}]}},"_links":{"self":[{"href":"https:\/\/grupopavicret.com\/fr\/wp-json\/wp\/v2\/pages\/688","targetHints":{"allow":["GET"]}}],"collection":[{"href":"https:\/\/grupopavicret.com\/fr\/wp-json\/wp\/v2\/pages"}],"about":[{"href":"https:\/\/grupopavicret.com\/fr\/wp-json\/wp\/v2\/types\/page"}],"author":[{"embeddable":true,"href":"https:\/\/grupopavicret.com\/fr\/wp-json\/wp\/v2\/users\/1"}],"replies":[{"embeddable":true,"href":"https:\/\/grupopavicret.com\/fr\/wp-json\/wp\/v2\/comments?post=688"}],"version-history":[{"count":1,"href":"https:\/\/grupopavicret.com\/fr\/wp-json\/wp\/v2\/pages\/688\/revisions"}],"predecessor-version":[{"id":689,"href":"https:\/\/grupopavicret.com\/fr\/wp-json\/wp\/v2\/pages\/688\/revisions\/689"}],"wp:attachment":[{"href":"https:\/\/grupopavicret.com\/fr\/wp-json\/wp\/v2\/media?parent=688"}],"curies":[{"name":"wp","href":"https:\/\/api.w.org\/{rel}","templated":true}]}}