{"id":684,"date":"2025-09-11T11:37:27","date_gmt":"2025-09-11T09:37:27","guid":{"rendered":"https:\/\/grupopavicret.com\/politique-de-confidentialite\/"},"modified":"2026-04-14T13:58:21","modified_gmt":"2026-04-14T11:58:21","slug":"politique-de-confidentialite","status":"publish","type":"page","link":"https:\/\/grupopavicret.com\/fr\/politique-de-confidentialite\/","title":{"rendered":"Politique de confidentialit\u00e9"},"content":{"rendered":"\t\t<div data-elementor-type=\"wp-page\" data-elementor-id=\"684\" class=\"elementor elementor-684 elementor-533\" data-elementor-post-type=\"page\">\n\t\t\t\t<div class=\"elementor-element elementor-element-4ec052f e-flex e-con-boxed e-con e-parent\" data-id=\"4ec052f\" data-element_type=\"container\" data-e-type=\"container\" data-settings=\"{&quot;jet_parallax_layout_list&quot;:[]}\">\n\t\t\t\t\t<div class=\"e-con-inner\">\n\t\t\t\t<div class=\"elementor-element elementor-element-5b9c928 elementor-widget elementor-widget-heading\" data-id=\"5b9c928\" data-element_type=\"widget\" data-e-type=\"widget\" data-widget_type=\"heading.default\">\n\t\t\t\t\t<h2 class=\"elementor-heading-title elementor-size-default\"><span style=\"font-family:'Libre Franklin', sans-serif;font-weight:700;color:#3A3A3A\">Politique<\/span> de confidentialit\u00e9<\/h2>\t\t\t\t<\/div>\n\t\t\t\t<div class=\"elementor-element elementor-element-74317ba elementor-widget elementor-widget-text-editor\" data-id=\"74317ba\" data-element_type=\"widget\" data-e-type=\"widget\" data-widget_type=\"text-editor.default\">\n\t\t\t\t\t\t\t\t\t<p>Date d&rsquo;entr\u00e9e en vigueur : 11 septembre 2025<br>Derni\u00e8re mise \u00e0 jour : 11 septembre 2025<\/p><p>Ce site web utilise des cookies pour am\u00e9liorer l&rsquo;exp\u00e9rience utilisateur, analyser la navigation et offrir un contenu personnalis\u00e9. Les cookies utilis\u00e9s sont d\u00e9crits ci-dessous :<\/p><p><strong>1. Types de cookies utilis\u00e9s :<\/strong><br>\u2013 N\u00e9cessaires : fonctionnement de base du site.<br>\u2013 Analytiques : collecte de donn\u00e9es de navigation.<br>\u2013 Publicitaires : personnalisation des publicit\u00e9s.<br>\u2013 Performance : am\u00e9lioration de l&rsquo;exp\u00e9rience utilisateur.<br>\u2013 Fonctionnels : fonctionnalit\u00e9s suppl\u00e9mentaires.<\/p><p><strong>2. Cookies utilis\u00e9s :<\/strong><br>(sbjs.migrations) .pavicret.com \u2013 Source de la visite \u2013 Session \u2013 Analytique<br>(sbjs.current.add) .pavicret.com \u2013 Suivi des actions \u2013 Session \u2013 Analytique<br>(sbjs.first.add) .pavicret.com \u2013 Source initiale \u2013 Session \u2013 Analytique<br>(sbjs.udata) .pavicret.com \u2013 Donn\u00e9es de campagne \u2013 Session \u2013 Analytique<br>(sbjs.session) .pavicret.com \u2013 Session utilisateur \u2013 1 heure \u2013 Analytique<br>(CLID) www.clarity.ms \u2013 Interaction avec le site \u2013 1 an \u2013 Analytique<br>(_clck) .pavicret.com \u2013 ID d&rsquo;utilisateur Clarity \u2013 1 an \u2013 Analytique<br>(_clsk) .pavicret.com \u2013 Enregistrement de session \u2013 1 jour \u2013 Analytique<br>(SM) .c.clarity.ms \u2013 Synchronisation ID \u2013 Session \u2013 Analytique<br>(MUID) .bing.com \/ .clarity.ms \u2013 Publicit\u00e9 \u2013 1 an 24 jours \u2013 Publicitaire<br>(MR) .bing.com \/ .clarity.ms \u2013 Publicit\u00e9 \u2013 7 jours \u2013 Publicitaire<br>(ANONCHK) .c.clarity.ms \u2013 V\u00e9rification des clics \u2013 10 minutes \u2013 Publicitaire<br>(SRM_B) .c.bing.com \u2013 ID campagnes \u2013 1 an 24 jours \u2013 Performance<br>(elementor) pavicret.com \u2013 Gestion de contenu \u2013 Persistant \u2013 N\u00e9cessaire<br>(wpEmojiSettingsSupports) pavicret.com \u2013 Compatibilit\u00e9 emojis \u2013 Session \u2013 N\u00e9cessaire<br>(cookieyes-consent) pavicret.com \u2013 Pr\u00e9f\u00e9rences de cookies \u2013 1 an \u2013 N\u00e9cessaire<\/p><p><strong>3. Gestion des cookies :<\/strong><br>Vous pouvez configurer ou refuser les cookies \u00e0 partir de la banni\u00e8re ou de l&rsquo;ic\u00f4ne de param\u00e8tres sur le site web. Vous pouvez \u00e9galement les g\u00e9rer \u00e0 partir des param\u00e8tres de votre navigateur.<\/p><p><strong>4. Modifications de la politique :<\/strong><br>PAVICRET, S.L. se r\u00e9serve le droit de modifier cette politique pour l&rsquo;adapter aux futures nouveaut\u00e9s techniques ou l\u00e9gales.<\/p>\t\t\t\t\t\t\t\t<\/div>\n\t\t\t\t\t<\/div>\n\t\t\t\t<\/div>\n\t\t\t\t<\/div>\n\t\t","protected":false},"excerpt":{"rendered":"<p>Politique de confidentialit\u00e9 Date d&rsquo;entr\u00e9e en vigueur : 11 septembre 2025Derni\u00e8re mise \u00e0 jour : 11 septembre 2025 Ce site web utilise des cookies pour am\u00e9liorer l&rsquo;exp\u00e9rience utilisateur, analyser la navigation et offrir un contenu personnalis\u00e9. Les cookies utilis\u00e9s sont d\u00e9crits ci-dessous : 1. Types de cookies utilis\u00e9s :\u2013 N\u00e9cessaires : fonctionnement de base du [&hellip;]<\/p>\n","protected":false},"author":1,"featured_media":0,"parent":0,"menu_order":0,"comment_status":"closed","ping_status":"closed","template":"","meta":{"footnotes":""},"class_list":["post-684","page","type-page","status-publish","hentry"],"yoast_head":"<!-- This site is optimized with the Yoast SEO plugin v27.4 - https:\/\/yoast.com\/product\/yoast-seo-wordpress\/ -->\n<title>Politique de confidentialit\u00e9 - Grupo pavicret<\/title>\n<meta name=\"robots\" content=\"noindex, follow\" \/>\n<meta property=\"og:locale\" content=\"fr_FR\" \/>\n<meta property=\"og:type\" content=\"article\" \/>\n<meta property=\"og:title\" content=\"Politique de confidentialit\u00e9 - Grupo pavicret\" \/>\n<meta property=\"og:description\" content=\"Politique de confidentialit\u00e9 Date d&rsquo;entr\u00e9e en vigueur : 11 septembre 2025Derni\u00e8re mise \u00e0 jour : 11 septembre 2025 Ce site web utilise des cookies pour am\u00e9liorer l&rsquo;exp\u00e9rience utilisateur, analyser la navigation et offrir un contenu personnalis\u00e9. Les cookies utilis\u00e9s sont d\u00e9crits ci-dessous : 1. Types de cookies utilis\u00e9s :\u2013 N\u00e9cessaires : fonctionnement de base du [&hellip;]\" \/>\n<meta property=\"og:url\" content=\"https:\/\/grupopavicret.com\/fr\/politique-de-confidentialite\/\" \/>\n<meta property=\"og:site_name\" content=\"Grupo pavicret\" \/>\n<meta property=\"article:publisher\" content=\"https:\/\/www.facebook.com\/pavicret\/?locale=es_ES\" \/>\n<meta property=\"article:modified_time\" content=\"2026-04-14T11:58:21+00:00\" \/>\n<script type=\"application\/ld+json\" class=\"yoast-schema-graph\">{\"@context\":\"https:\\\/\\\/schema.org\",\"@graph\":[{\"@type\":\"WebPage\",\"@id\":\"https:\\\/\\\/grupopavicret.com\\\/fr\\\/politique-de-confidentialite\\\/\",\"url\":\"https:\\\/\\\/grupopavicret.com\\\/fr\\\/politique-de-confidentialite\\\/\",\"name\":\"Politique de confidentialit\u00e9 - Grupo pavicret\",\"isPartOf\":{\"@id\":\"https:\\\/\\\/grupopavicret.com\\\/fr\\\/#website\"},\"datePublished\":\"2025-09-11T09:37:27+00:00\",\"dateModified\":\"2026-04-14T11:58:21+00:00\",\"breadcrumb\":{\"@id\":\"https:\\\/\\\/grupopavicret.com\\\/fr\\\/politique-de-confidentialite\\\/#breadcrumb\"},\"inLanguage\":\"fr-FR\",\"potentialAction\":[{\"@type\":\"ReadAction\",\"target\":[\"https:\\\/\\\/grupopavicret.com\\\/fr\\\/politique-de-confidentialite\\\/\"]}]},{\"@type\":\"BreadcrumbList\",\"@id\":\"https:\\\/\\\/grupopavicret.com\\\/fr\\\/politique-de-confidentialite\\\/#breadcrumb\",\"itemListElement\":[{\"@type\":\"ListItem\",\"position\":1,\"name\":\"Home\",\"item\":\"https:\\\/\\\/grupopavicret.com\\\/fr\\\/accueil\\\/\"},{\"@type\":\"ListItem\",\"position\":2,\"name\":\"Politique de confidentialit\u00e9\"}]},{\"@type\":\"WebSite\",\"@id\":\"https:\\\/\\\/grupopavicret.com\\\/fr\\\/#website\",\"url\":\"https:\\\/\\\/grupopavicret.com\\\/fr\\\/\",\"name\":\"Grupo pavicret\",\"description\":\"\",\"publisher\":{\"@id\":\"https:\\\/\\\/grupopavicret.com\\\/fr\\\/#organization\"},\"potentialAction\":[{\"@type\":\"SearchAction\",\"target\":{\"@type\":\"EntryPoint\",\"urlTemplate\":\"https:\\\/\\\/grupopavicret.com\\\/fr\\\/?s={search_term_string}\"},\"query-input\":{\"@type\":\"PropertyValueSpecification\",\"valueRequired\":true,\"valueName\":\"search_term_string\"}}],\"inLanguage\":\"fr-FR\"},{\"@type\":\"Organization\",\"@id\":\"https:\\\/\\\/grupopavicret.com\\\/fr\\\/#organization\",\"name\":\"Grupo pavicret\",\"url\":\"https:\\\/\\\/grupopavicret.com\\\/fr\\\/\",\"logo\":{\"@type\":\"ImageObject\",\"inLanguage\":\"fr-FR\",\"@id\":\"https:\\\/\\\/grupopavicret.com\\\/fr\\\/#\\\/schema\\\/logo\\\/image\\\/\",\"url\":\"http:\\\/\\\/grupopavicret.com\\\/wp-content\\\/uploads\\\/2025\\\/09\\\/Grupo_Pavicret_logo.avif\",\"contentUrl\":\"http:\\\/\\\/grupopavicret.com\\\/wp-content\\\/uploads\\\/2025\\\/09\\\/Grupo_Pavicret_logo.avif\",\"width\":187,\"height\":65,\"caption\":\"Grupo pavicret\"},\"image\":{\"@id\":\"https:\\\/\\\/grupopavicret.com\\\/fr\\\/#\\\/schema\\\/logo\\\/image\\\/\"},\"sameAs\":[\"https:\\\/\\\/www.facebook.com\\\/pavicret\\\/?locale=es_ES\"]}]}<\/script>\n<!-- \/ Yoast SEO plugin. -->","yoast_head_json":{"title":"Politique de confidentialit\u00e9 - Grupo pavicret","robots":{"index":"noindex","follow":"follow"},"og_locale":"fr_FR","og_type":"article","og_title":"Politique de confidentialit\u00e9 - Grupo pavicret","og_description":"Politique de confidentialit\u00e9 Date d&rsquo;entr\u00e9e en vigueur : 11 septembre 2025Derni\u00e8re mise \u00e0 jour : 11 septembre 2025 Ce site web utilise des cookies pour am\u00e9liorer l&rsquo;exp\u00e9rience utilisateur, analyser la navigation et offrir un contenu personnalis\u00e9. Les cookies utilis\u00e9s sont d\u00e9crits ci-dessous : 1. Types de cookies utilis\u00e9s :\u2013 N\u00e9cessaires : fonctionnement de base du [&hellip;]","og_url":"https:\/\/grupopavicret.com\/fr\/politique-de-confidentialite\/","og_site_name":"Grupo pavicret","article_publisher":"https:\/\/www.facebook.com\/pavicret\/?locale=es_ES","article_modified_time":"2026-04-14T11:58:21+00:00","schema":{"@context":"https:\/\/schema.org","@graph":[{"@type":"WebPage","@id":"https:\/\/grupopavicret.com\/fr\/politique-de-confidentialite\/","url":"https:\/\/grupopavicret.com\/fr\/politique-de-confidentialite\/","name":"Politique de confidentialit\u00e9 - Grupo pavicret","isPartOf":{"@id":"https:\/\/grupopavicret.com\/fr\/#website"},"datePublished":"2025-09-11T09:37:27+00:00","dateModified":"2026-04-14T11:58:21+00:00","breadcrumb":{"@id":"https:\/\/grupopavicret.com\/fr\/politique-de-confidentialite\/#breadcrumb"},"inLanguage":"fr-FR","potentialAction":[{"@type":"ReadAction","target":["https:\/\/grupopavicret.com\/fr\/politique-de-confidentialite\/"]}]},{"@type":"BreadcrumbList","@id":"https:\/\/grupopavicret.com\/fr\/politique-de-confidentialite\/#breadcrumb","itemListElement":[{"@type":"ListItem","position":1,"name":"Home","item":"https:\/\/grupopavicret.com\/fr\/accueil\/"},{"@type":"ListItem","position":2,"name":"Politique de confidentialit\u00e9"}]},{"@type":"WebSite","@id":"https:\/\/grupopavicret.com\/fr\/#website","url":"https:\/\/grupopavicret.com\/fr\/","name":"Grupo pavicret","description":"","publisher":{"@id":"https:\/\/grupopavicret.com\/fr\/#organization"},"potentialAction":[{"@type":"SearchAction","target":{"@type":"EntryPoint","urlTemplate":"https:\/\/grupopavicret.com\/fr\/?s={search_term_string}"},"query-input":{"@type":"PropertyValueSpecification","valueRequired":true,"valueName":"search_term_string"}}],"inLanguage":"fr-FR"},{"@type":"Organization","@id":"https:\/\/grupopavicret.com\/fr\/#organization","name":"Grupo pavicret","url":"https:\/\/grupopavicret.com\/fr\/","logo":{"@type":"ImageObject","inLanguage":"fr-FR","@id":"https:\/\/grupopavicret.com\/fr\/#\/schema\/logo\/image\/","url":"http:\/\/grupopavicret.com\/wp-content\/uploads\/2025\/09\/Grupo_Pavicret_logo.avif","contentUrl":"http:\/\/grupopavicret.com\/wp-content\/uploads\/2025\/09\/Grupo_Pavicret_logo.avif","width":187,"height":65,"caption":"Grupo pavicret"},"image":{"@id":"https:\/\/grupopavicret.com\/fr\/#\/schema\/logo\/image\/"},"sameAs":["https:\/\/www.facebook.com\/pavicret\/?locale=es_ES"]}]}},"_links":{"self":[{"href":"https:\/\/grupopavicret.com\/fr\/wp-json\/wp\/v2\/pages\/684","targetHints":{"allow":["GET"]}}],"collection":[{"href":"https:\/\/grupopavicret.com\/fr\/wp-json\/wp\/v2\/pages"}],"about":[{"href":"https:\/\/grupopavicret.com\/fr\/wp-json\/wp\/v2\/types\/page"}],"author":[{"embeddable":true,"href":"https:\/\/grupopavicret.com\/fr\/wp-json\/wp\/v2\/users\/1"}],"replies":[{"embeddable":true,"href":"https:\/\/grupopavicret.com\/fr\/wp-json\/wp\/v2\/comments?post=684"}],"version-history":[{"count":1,"href":"https:\/\/grupopavicret.com\/fr\/wp-json\/wp\/v2\/pages\/684\/revisions"}],"predecessor-version":[{"id":685,"href":"https:\/\/grupopavicret.com\/fr\/wp-json\/wp\/v2\/pages\/684\/revisions\/685"}],"wp:attachment":[{"href":"https:\/\/grupopavicret.com\/fr\/wp-json\/wp\/v2\/media?parent=684"}],"curies":[{"name":"wp","href":"https:\/\/api.w.org\/{rel}","templated":true}]}}