{"id":680,"date":"2025-09-11T11:29:37","date_gmt":"2025-09-11T09:29:37","guid":{"rendered":"https:\/\/grupopavicret.com\/mentions-legales\/"},"modified":"2026-04-14T13:58:20","modified_gmt":"2026-04-14T11:58:20","slug":"mentions-legales","status":"publish","type":"page","link":"https:\/\/grupopavicret.com\/fr\/mentions-legales\/","title":{"rendered":"Mentions l\u00e9gales"},"content":{"rendered":"\t\t<div data-elementor-type=\"wp-page\" data-elementor-id=\"680\" class=\"elementor elementor-680 elementor-528\" data-elementor-post-type=\"page\">\n\t\t\t\t<div class=\"elementor-element elementor-element-8007778 e-flex e-con-boxed e-con e-parent\" data-id=\"8007778\" data-element_type=\"container\" data-e-type=\"container\" data-settings=\"{&quot;jet_parallax_layout_list&quot;:[]}\">\n\t\t\t\t\t<div class=\"e-con-inner\">\n\t\t\t\t<div class=\"elementor-element elementor-element-b1dff99 elementor-widget elementor-widget-heading\" data-id=\"b1dff99\" data-element_type=\"widget\" data-e-type=\"widget\" data-widget_type=\"heading.default\">\n\t\t\t\t\t<h2 class=\"elementor-heading-title elementor-size-default\"><span style=\"font-family:'Libre Franklin', sans-serif;font-weight:700;color:#3A3A3A\">Avis<\/span> l\u00e9gal<\/h2>\t\t\t\t<\/div>\n\t\t\t\t<div class=\"elementor-element elementor-element-bef1a40 elementor-widget elementor-widget-text-editor\" data-id=\"bef1a40\" data-element_type=\"widget\" data-e-type=\"widget\" data-widget_type=\"text-editor.default\">\n\t\t\t\t\t\t\t\t\t<p><strong>1. Informations g\u00e9n\u00e9rales&nbsp;:<br><\/strong><br><strong>Titulaire&nbsp;:<\/strong> PAVICRET, S.L.<br><strong>CIF&nbsp;:<\/strong> B-98.650.153<br><strong>Domicile&nbsp;:<\/strong> V Centenario, 26 \u2013 46900 Torrent (Valencia)<br><strong>Adresse \u00e9lectronique&nbsp;:<\/strong> contacto@pavicret.com<br><strong>Site web&nbsp;:<\/strong> www.grupopavicret.com<\/p><p><strong>2. Finalit\u00e9 du site&nbsp;:<\/strong><br>Offrir des informations sur les produits et services de Pavicret li\u00e9s \u00e0 la construction.<\/p><p><strong>3. Conditions d\u2019utilisation&nbsp;:<\/strong><br>L\u2019acc\u00e8s au site implique l\u2019acceptation de ces conditions. L\u2019utilisateur s\u2019engage \u00e0 une utilisation responsable et conforme \u00e0 la loi.<\/p><p><strong>4. Propri\u00e9t\u00e9 intellectuelle&nbsp;:<\/strong><br>Tous les contenus du site web sont la propri\u00e9t\u00e9 de PAVICRET, S.L. ou sont utilis\u00e9s avec les licences correspondantes. Toute reproduction ou distribution sans autorisation pr\u00e9alable est interdite<\/p><p><strong>5. Responsabilit\u00e9&nbsp;:<\/strong><br>PAVICRET, S.L. ne saurait \u00eatre tenu responsable des erreurs de contenu, des interruptions techniques ou des liens externes.<\/p><p><strong>6. Liens vers des tiers&nbsp;:<\/strong><br>Le site peut contenir des liens vers des sites externes. PAVICRET, S.L. n\u2019est pas responsable de leurs contenus ni de leurs politiques.<\/p><p><strong>7. L\u00e9gislation et juridiction&nbsp;:<\/strong><br>Le pr\u00e9sent avis est r\u00e9gi par la l\u00e9gislation espagnole. Les parties se soumettent aux tribunaux de Valence, sauf disposition l\u00e9gale contraire.<\/p>\t\t\t\t\t\t\t\t<\/div>\n\t\t\t\t\t<\/div>\n\t\t\t\t<\/div>\n\t\t\t\t<\/div>\n\t\t","protected":false},"excerpt":{"rendered":"<p>Avis l\u00e9gal 1. Informations g\u00e9n\u00e9rales&nbsp;:Titulaire&nbsp;: PAVICRET, S.L.CIF&nbsp;: B-98.650.153Domicile&nbsp;: V Centenario, 26 \u2013 46900 Torrent (Valencia)Adresse \u00e9lectronique&nbsp;: contacto@pavicret.comSite web&nbsp;: www.grupopavicret.com 2. Finalit\u00e9 du site&nbsp;:Offrir des informations sur les produits et services de Pavicret li\u00e9s \u00e0 la construction. 3. Conditions d\u2019utilisation&nbsp;:L\u2019acc\u00e8s au site implique l\u2019acceptation de ces conditions. L\u2019utilisateur s\u2019engage \u00e0 une utilisation responsable et conforme \u00e0 [&hellip;]<\/p>\n","protected":false},"author":1,"featured_media":0,"parent":0,"menu_order":0,"comment_status":"closed","ping_status":"closed","template":"","meta":{"footnotes":""},"class_list":["post-680","page","type-page","status-publish","hentry"],"yoast_head":"<!-- This site is optimized with the Yoast SEO plugin v27.4 - https:\/\/yoast.com\/product\/yoast-seo-wordpress\/ -->\n<title>Mentions l\u00e9gales - Grupo pavicret<\/title>\n<meta name=\"robots\" content=\"noindex, follow\" \/>\n<meta property=\"og:locale\" content=\"fr_FR\" \/>\n<meta property=\"og:type\" content=\"article\" \/>\n<meta property=\"og:title\" content=\"Mentions l\u00e9gales - Grupo pavicret\" \/>\n<meta property=\"og:description\" content=\"Avis l\u00e9gal 1. Informations g\u00e9n\u00e9rales&nbsp;:Titulaire&nbsp;: PAVICRET, S.L.CIF&nbsp;: B-98.650.153Domicile&nbsp;: V Centenario, 26 \u2013 46900 Torrent (Valencia)Adresse \u00e9lectronique&nbsp;: contacto@pavicret.comSite web&nbsp;: www.grupopavicret.com 2. Finalit\u00e9 du site&nbsp;:Offrir des informations sur les produits et services de Pavicret li\u00e9s \u00e0 la construction. 3. Conditions d\u2019utilisation&nbsp;:L\u2019acc\u00e8s au site implique l\u2019acceptation de ces conditions. L\u2019utilisateur s\u2019engage \u00e0 une utilisation responsable et conforme \u00e0 [&hellip;]\" \/>\n<meta property=\"og:url\" content=\"https:\/\/grupopavicret.com\/fr\/mentions-legales\/\" \/>\n<meta property=\"og:site_name\" content=\"Grupo pavicret\" \/>\n<meta property=\"article:publisher\" content=\"https:\/\/www.facebook.com\/pavicret\/?locale=es_ES\" \/>\n<meta property=\"article:modified_time\" content=\"2026-04-14T11:58:20+00:00\" \/>\n<script type=\"application\/ld+json\" class=\"yoast-schema-graph\">{\"@context\":\"https:\\\/\\\/schema.org\",\"@graph\":[{\"@type\":\"WebPage\",\"@id\":\"https:\\\/\\\/grupopavicret.com\\\/fr\\\/mentions-legales\\\/\",\"url\":\"https:\\\/\\\/grupopavicret.com\\\/fr\\\/mentions-legales\\\/\",\"name\":\"Mentions l\u00e9gales - Grupo pavicret\",\"isPartOf\":{\"@id\":\"https:\\\/\\\/grupopavicret.com\\\/fr\\\/#website\"},\"datePublished\":\"2025-09-11T09:29:37+00:00\",\"dateModified\":\"2026-04-14T11:58:20+00:00\",\"breadcrumb\":{\"@id\":\"https:\\\/\\\/grupopavicret.com\\\/fr\\\/mentions-legales\\\/#breadcrumb\"},\"inLanguage\":\"fr-FR\",\"potentialAction\":[{\"@type\":\"ReadAction\",\"target\":[\"https:\\\/\\\/grupopavicret.com\\\/fr\\\/mentions-legales\\\/\"]}]},{\"@type\":\"BreadcrumbList\",\"@id\":\"https:\\\/\\\/grupopavicret.com\\\/fr\\\/mentions-legales\\\/#breadcrumb\",\"itemListElement\":[{\"@type\":\"ListItem\",\"position\":1,\"name\":\"Home\",\"item\":\"https:\\\/\\\/grupopavicret.com\\\/fr\\\/accueil\\\/\"},{\"@type\":\"ListItem\",\"position\":2,\"name\":\"Mentions l\u00e9gales\"}]},{\"@type\":\"WebSite\",\"@id\":\"https:\\\/\\\/grupopavicret.com\\\/fr\\\/#website\",\"url\":\"https:\\\/\\\/grupopavicret.com\\\/fr\\\/\",\"name\":\"Grupo pavicret\",\"description\":\"\",\"publisher\":{\"@id\":\"https:\\\/\\\/grupopavicret.com\\\/fr\\\/#organization\"},\"potentialAction\":[{\"@type\":\"SearchAction\",\"target\":{\"@type\":\"EntryPoint\",\"urlTemplate\":\"https:\\\/\\\/grupopavicret.com\\\/fr\\\/?s={search_term_string}\"},\"query-input\":{\"@type\":\"PropertyValueSpecification\",\"valueRequired\":true,\"valueName\":\"search_term_string\"}}],\"inLanguage\":\"fr-FR\"},{\"@type\":\"Organization\",\"@id\":\"https:\\\/\\\/grupopavicret.com\\\/fr\\\/#organization\",\"name\":\"Grupo pavicret\",\"url\":\"https:\\\/\\\/grupopavicret.com\\\/fr\\\/\",\"logo\":{\"@type\":\"ImageObject\",\"inLanguage\":\"fr-FR\",\"@id\":\"https:\\\/\\\/grupopavicret.com\\\/fr\\\/#\\\/schema\\\/logo\\\/image\\\/\",\"url\":\"http:\\\/\\\/grupopavicret.com\\\/wp-content\\\/uploads\\\/2025\\\/09\\\/Grupo_Pavicret_logo.avif\",\"contentUrl\":\"http:\\\/\\\/grupopavicret.com\\\/wp-content\\\/uploads\\\/2025\\\/09\\\/Grupo_Pavicret_logo.avif\",\"width\":187,\"height\":65,\"caption\":\"Grupo pavicret\"},\"image\":{\"@id\":\"https:\\\/\\\/grupopavicret.com\\\/fr\\\/#\\\/schema\\\/logo\\\/image\\\/\"},\"sameAs\":[\"https:\\\/\\\/www.facebook.com\\\/pavicret\\\/?locale=es_ES\"]}]}<\/script>\n<!-- \/ Yoast SEO plugin. -->","yoast_head_json":{"title":"Mentions l\u00e9gales - Grupo pavicret","robots":{"index":"noindex","follow":"follow"},"og_locale":"fr_FR","og_type":"article","og_title":"Mentions l\u00e9gales - Grupo pavicret","og_description":"Avis l\u00e9gal 1. Informations g\u00e9n\u00e9rales&nbsp;:Titulaire&nbsp;: PAVICRET, S.L.CIF&nbsp;: B-98.650.153Domicile&nbsp;: V Centenario, 26 \u2013 46900 Torrent (Valencia)Adresse \u00e9lectronique&nbsp;: contacto@pavicret.comSite web&nbsp;: www.grupopavicret.com 2. Finalit\u00e9 du site&nbsp;:Offrir des informations sur les produits et services de Pavicret li\u00e9s \u00e0 la construction. 3. Conditions d\u2019utilisation&nbsp;:L\u2019acc\u00e8s au site implique l\u2019acceptation de ces conditions. L\u2019utilisateur s\u2019engage \u00e0 une utilisation responsable et conforme \u00e0 [&hellip;]","og_url":"https:\/\/grupopavicret.com\/fr\/mentions-legales\/","og_site_name":"Grupo pavicret","article_publisher":"https:\/\/www.facebook.com\/pavicret\/?locale=es_ES","article_modified_time":"2026-04-14T11:58:20+00:00","schema":{"@context":"https:\/\/schema.org","@graph":[{"@type":"WebPage","@id":"https:\/\/grupopavicret.com\/fr\/mentions-legales\/","url":"https:\/\/grupopavicret.com\/fr\/mentions-legales\/","name":"Mentions l\u00e9gales - Grupo pavicret","isPartOf":{"@id":"https:\/\/grupopavicret.com\/fr\/#website"},"datePublished":"2025-09-11T09:29:37+00:00","dateModified":"2026-04-14T11:58:20+00:00","breadcrumb":{"@id":"https:\/\/grupopavicret.com\/fr\/mentions-legales\/#breadcrumb"},"inLanguage":"fr-FR","potentialAction":[{"@type":"ReadAction","target":["https:\/\/grupopavicret.com\/fr\/mentions-legales\/"]}]},{"@type":"BreadcrumbList","@id":"https:\/\/grupopavicret.com\/fr\/mentions-legales\/#breadcrumb","itemListElement":[{"@type":"ListItem","position":1,"name":"Home","item":"https:\/\/grupopavicret.com\/fr\/accueil\/"},{"@type":"ListItem","position":2,"name":"Mentions l\u00e9gales"}]},{"@type":"WebSite","@id":"https:\/\/grupopavicret.com\/fr\/#website","url":"https:\/\/grupopavicret.com\/fr\/","name":"Grupo pavicret","description":"","publisher":{"@id":"https:\/\/grupopavicret.com\/fr\/#organization"},"potentialAction":[{"@type":"SearchAction","target":{"@type":"EntryPoint","urlTemplate":"https:\/\/grupopavicret.com\/fr\/?s={search_term_string}"},"query-input":{"@type":"PropertyValueSpecification","valueRequired":true,"valueName":"search_term_string"}}],"inLanguage":"fr-FR"},{"@type":"Organization","@id":"https:\/\/grupopavicret.com\/fr\/#organization","name":"Grupo pavicret","url":"https:\/\/grupopavicret.com\/fr\/","logo":{"@type":"ImageObject","inLanguage":"fr-FR","@id":"https:\/\/grupopavicret.com\/fr\/#\/schema\/logo\/image\/","url":"http:\/\/grupopavicret.com\/wp-content\/uploads\/2025\/09\/Grupo_Pavicret_logo.avif","contentUrl":"http:\/\/grupopavicret.com\/wp-content\/uploads\/2025\/09\/Grupo_Pavicret_logo.avif","width":187,"height":65,"caption":"Grupo pavicret"},"image":{"@id":"https:\/\/grupopavicret.com\/fr\/#\/schema\/logo\/image\/"},"sameAs":["https:\/\/www.facebook.com\/pavicret\/?locale=es_ES"]}]}},"_links":{"self":[{"href":"https:\/\/grupopavicret.com\/fr\/wp-json\/wp\/v2\/pages\/680","targetHints":{"allow":["GET"]}}],"collection":[{"href":"https:\/\/grupopavicret.com\/fr\/wp-json\/wp\/v2\/pages"}],"about":[{"href":"https:\/\/grupopavicret.com\/fr\/wp-json\/wp\/v2\/types\/page"}],"author":[{"embeddable":true,"href":"https:\/\/grupopavicret.com\/fr\/wp-json\/wp\/v2\/users\/1"}],"replies":[{"embeddable":true,"href":"https:\/\/grupopavicret.com\/fr\/wp-json\/wp\/v2\/comments?post=680"}],"version-history":[{"count":1,"href":"https:\/\/grupopavicret.com\/fr\/wp-json\/wp\/v2\/pages\/680\/revisions"}],"predecessor-version":[{"id":681,"href":"https:\/\/grupopavicret.com\/fr\/wp-json\/wp\/v2\/pages\/680\/revisions\/681"}],"wp:attachment":[{"href":"https:\/\/grupopavicret.com\/fr\/wp-json\/wp\/v2\/media?parent=680"}],"curies":[{"name":"wp","href":"https:\/\/api.w.org\/{rel}","templated":true}]}}