{"id":755,"date":"2025-09-10T12:07:33","date_gmt":"2025-09-10T10:07:33","guid":{"rendered":"https:\/\/grupopavicret.com\/brands\/"},"modified":"2025-12-12T15:04:23","modified_gmt":"2025-12-12T13:04:23","slug":"brands","status":"publish","type":"page","link":"https:\/\/grupopavicret.com\/en\/brands\/","title":{"rendered":"Brands"},"content":{"rendered":"\t\t<div data-elementor-type=\"wp-page\" data-elementor-id=\"755\" class=\"elementor elementor-755 elementor-188\" data-elementor-post-type=\"page\">\n\t\t\t\t<div class=\"elementor-element elementor-element-0bf0d93 e-con-full e-flex e-con e-parent\" data-id=\"0bf0d93\" data-element_type=\"container\" data-e-type=\"container\" data-settings=\"{&quot;jet_parallax_layout_list&quot;:[]}\">\n\t\t\t\t<div class=\"elementor-element elementor-element-cf5e43a elementor-widget elementor-widget-heading\" data-id=\"cf5e43a\" data-element_type=\"widget\" data-e-type=\"widget\" data-widget_type=\"heading.default\">\n\t\t\t\t\t<h2 class=\"elementor-heading-title elementor-size-default\">Official Distributors\n<\/h2>\t\t\t\t<\/div>\n\t\t\t\t<div class=\"elementor-element elementor-element-3b3b289 elementor-widget__width-initial elementor-widget elementor-widget-text-editor\" data-id=\"3b3b289\" data-element_type=\"widget\" data-e-type=\"widget\" data-widget_type=\"text-editor.default\">\n\t\t\t\t\t\t\t\t\t<p> At the Pavicret Group, we drive the marketing of technical solutions for the construction industry: from decorative flooring and wall coverings to cementitious adhesives and microcement systems.<br data-start=\"1218\" data-end=\"1221\">With the backing of Pavicret, Colcret, and MicroDeko, we serve professionals and distributors worldwide, guaranteeing quality, innovation, and expert technical support.<\/p>\t\t\t\t\t\t\t\t<\/div>\n\t\t\t\t<\/div>\n\t\t<div data-dce-background-image-url=\"http:\/\/grupopavicret.com\/wp-content\/uploads\/2025\/09\/Pavicret.avif\" class=\"elementor-element elementor-element-c261d22 e-con-full e-flex e-con e-parent\" data-id=\"c261d22\" data-element_type=\"container\" data-e-type=\"container\" data-settings=\"{&quot;background_background&quot;:&quot;classic&quot;,&quot;jet_parallax_layout_list&quot;:[]}\">\n\t\t<div class=\"elementor-element elementor-element-6bf12fd e-flex e-con-boxed e-con e-child\" data-id=\"6bf12fd\" data-element_type=\"container\" data-e-type=\"container\" data-settings=\"{&quot;jet_parallax_layout_list&quot;:[]}\">\n\t\t\t\t\t<div class=\"e-con-inner\">\n\t\t\t\t<div class=\"elementor-element elementor-element-0d2dfec elementor-widget elementor-widget-text-editor\" data-id=\"0d2dfec\" data-element_type=\"widget\" data-e-type=\"widget\" data-widget_type=\"text-editor.default\">\n\t\t\t\t\t\t\t\t\tIndustrial and decorative pavements and <br>comprehensive rehabilitation solutions\t\t\t\t\t\t\t\t<\/div>\n\t\t\t\t<div data-dce-background-color=\"#00288300\" class=\"elementor-element elementor-element-8291ae3 elementor-widget elementor-widget-button\" data-id=\"8291ae3\" data-element_type=\"widget\" data-e-type=\"widget\" data-widget_type=\"button.default\">\n\t\t\t\t\t\t\t\t\t\t<a class=\"elementor-button elementor-button-link elementor-size-sm elementor-animation-grow\" href=\"https:\/\/pavicret.com\">\n\t\t\t\t\t\t<span class=\"elementor-button-content-wrapper\">\n\t\t\t\t\t\t\t\t\t<span class=\"elementor-button-text\">See more<\/span>\n\t\t\t\t\t<\/span>\n\t\t\t\t\t<\/a>\n\t\t\t\t\t\t\t\t<\/div>\n\t\t\t\t\t<\/div>\n\t\t\t\t<\/div>\n\t\t\t\t<div class=\"elementor-element elementor-element-f57fd1d dce_masking-none elementor-widget elementor-widget-image\" data-id=\"f57fd1d\" data-element_type=\"widget\" data-e-type=\"widget\" data-widget_type=\"image.default\">\n\t\t\t\t\t\t\t\t\t\t\t\t\t\t\t<img decoding=\"async\" width=\"145\" height=\"142\" src=\"https:\/\/grupopavicret.com\/wp-content\/uploads\/2025\/09\/Recurso-9@3x-1.png\" class=\"attachment-large size-large wp-image-758\" alt=\"\" \/>\t\t\t\t\t\t\t\t\t\t\t\t\t\t\t<\/div>\n\t\t\t\t<\/div>\n\t\t<div data-dce-background-image-url=\"http:\/\/grupopavicret.com\/wp-content\/uploads\/2025\/09\/Colcret.avif\" class=\"elementor-element elementor-element-bcc2e82 e-con-full e-flex e-con e-parent\" data-id=\"bcc2e82\" data-element_type=\"container\" data-e-type=\"container\" data-settings=\"{&quot;background_background&quot;:&quot;classic&quot;,&quot;jet_parallax_layout_list&quot;:[]}\">\n\t\t<div class=\"elementor-element elementor-element-42aa403 e-flex e-con-boxed e-con e-child\" data-id=\"42aa403\" data-element_type=\"container\" data-e-type=\"container\" data-settings=\"{&quot;jet_parallax_layout_list&quot;:[]}\">\n\t\t\t\t\t<div class=\"e-con-inner\">\n\t\t\t\t<div class=\"elementor-element elementor-element-3440c59 elementor-widget elementor-widget-text-editor\" data-id=\"3440c59\" data-element_type=\"widget\" data-e-type=\"widget\" data-widget_type=\"text-editor.default\">\n\t\t\t\t\t\t\t\t\tMortars, cementitious adhesives<br> and waterproofing\t\t\t\t\t\t\t\t<\/div>\n\t\t\t\t<div data-dce-background-color=\"#00288300\" class=\"elementor-element elementor-element-b311bf8 elementor-widget elementor-widget-button\" data-id=\"b311bf8\" data-element_type=\"widget\" data-e-type=\"widget\" data-widget_type=\"button.default\">\n\t\t\t\t\t\t\t\t\t\t<a class=\"elementor-button elementor-button-link elementor-size-sm elementor-animation-grow\" href=\"https:\/\/colcret.com\">\n\t\t\t\t\t\t<span class=\"elementor-button-content-wrapper\">\n\t\t\t\t\t\t\t\t\t<span class=\"elementor-button-text\">See more<\/span>\n\t\t\t\t\t<\/span>\n\t\t\t\t\t<\/a>\n\t\t\t\t\t\t\t\t<\/div>\n\t\t\t\t\t<\/div>\n\t\t\t\t<\/div>\n\t\t\t\t<div class=\"elementor-element elementor-element-36a33b6 dce_masking-none elementor-widget elementor-widget-image\" data-id=\"36a33b6\" data-element_type=\"widget\" data-e-type=\"widget\" data-widget_type=\"image.default\">\n\t\t\t\t\t\t\t\t\t\t\t\t\t\t\t<img decoding=\"async\" width=\"247\" height=\"100\" src=\"https:\/\/grupopavicret.com\/wp-content\/uploads\/2025\/09\/Recurso-5@3x.avif\" class=\"attachment-large size-large wp-image-759\" alt=\"\" \/>\t\t\t\t\t\t\t\t\t\t\t\t\t\t\t<\/div>\n\t\t\t\t<\/div>\n\t\t<div data-dce-background-image-url=\"http:\/\/grupopavicret.com\/wp-content\/uploads\/2025\/09\/MicroDeko.avif\" class=\"elementor-element elementor-element-becaa7d e-con-full e-flex e-con e-parent\" data-id=\"becaa7d\" data-element_type=\"container\" data-e-type=\"container\" data-settings=\"{&quot;background_background&quot;:&quot;classic&quot;,&quot;jet_parallax_layout_list&quot;:[]}\">\n\t\t<div class=\"elementor-element elementor-element-9ea7aa8 e-flex e-con-boxed e-con e-child\" data-id=\"9ea7aa8\" data-element_type=\"container\" data-e-type=\"container\" data-settings=\"{&quot;jet_parallax_layout_list&quot;:[]}\">\n\t\t\t\t\t<div class=\"e-con-inner\">\n\t\t\t\t<div class=\"elementor-element elementor-element-faee6db elementor-widget elementor-widget-text-editor\" data-id=\"faee6db\" data-element_type=\"widget\" data-e-type=\"widget\" data-widget_type=\"text-editor.default\">\n\t\t\t\t\t\t\t\t\tMicrocement for<br> high decoration\t\t\t\t\t\t\t\t<\/div>\n\t\t\t\t<div data-dce-background-color=\"#00288300\" class=\"elementor-element elementor-element-49bb8c5 elementor-widget elementor-widget-button\" data-id=\"49bb8c5\" data-element_type=\"widget\" data-e-type=\"widget\" data-widget_type=\"button.default\">\n\t\t\t\t\t\t\t\t\t\t<a class=\"elementor-button elementor-button-link elementor-size-sm elementor-animation-grow\" href=\"https:\/\/microdeko.com\">\n\t\t\t\t\t\t<span class=\"elementor-button-content-wrapper\">\n\t\t\t\t\t\t\t\t\t<span class=\"elementor-button-text\">See more<\/span>\n\t\t\t\t\t<\/span>\n\t\t\t\t\t<\/a>\n\t\t\t\t\t\t\t\t<\/div>\n\t\t\t\t\t<\/div>\n\t\t\t\t<\/div>\n\t\t\t\t<div class=\"elementor-element elementor-element-500595c dce_masking-none elementor-widget elementor-widget-image\" data-id=\"500595c\" data-element_type=\"widget\" data-e-type=\"widget\" data-widget_type=\"image.default\">\n\t\t\t\t\t\t\t\t\t\t\t\t\t\t\t<img decoding=\"async\" width=\"287\" height=\"89\" src=\"https:\/\/grupopavicret.com\/wp-content\/uploads\/2025\/09\/Recurso-8@3x.avif\" class=\"attachment-large size-large wp-image-762\" alt=\"\" \/>\t\t\t\t\t\t\t\t\t\t\t\t\t\t\t<\/div>\n\t\t\t\t<\/div>\n\t\t<div class=\"elementor-element elementor-element-31e20f5 e-con-full e-flex e-con e-parent\" data-id=\"31e20f5\" data-element_type=\"container\" data-e-type=\"container\" data-settings=\"{&quot;jet_parallax_layout_list&quot;:[]}\">\n\t\t\t\t<div class=\"elementor-element elementor-element-201ad3c elementor-widget elementor-widget-heading\" data-id=\"201ad3c\" data-element_type=\"widget\" data-e-type=\"widget\" data-widget_type=\"heading.default\">\n\t\t\t\t\t<h2 class=\"elementor-heading-title elementor-size-default\">Other brands<span style=\"font-family:'Libre Franklin', sans-serif;font-weight:700;color:#3A3A3A\">\nwe work with<\/span>\n<\/h2>\t\t\t\t<\/div>\n\t\t\t\t<div class=\"elementor-element elementor-element-07004f0 elementor-widget__width-initial elementor-widget elementor-widget-text-editor\" data-id=\"07004f0\" data-element_type=\"widget\" data-e-type=\"widget\" data-widget_type=\"text-editor.default\">\n\t\t\t\t\t\t\t\t\t<p>Adem\u00e1s de nuestras l\u00edneas principales, <strong>Grupo Pavicret<\/strong> cuenta con la distribuci\u00f3n de otras marcas especializadas que complementan nuestra oferta. <strong data-start=\"251\" data-end=\"268\">Master Blades<\/strong> con su gama de herramientas y m\u00e1quinas profesionales, dise\u00f1adas para garantizar precisi\u00f3n, durabilidad y el mejor rendimiento en obra. On the other hand, <strong data-start=\"410\" data-end=\"426\">PFS-Pigments<\/strong> is a brand of high quality inorganic pigments, ideal for providing stable and resistant color in pavements, mortars and concrete.<\/p>\t\t\t\t\t\t\t\t<\/div>\n\t\t<div class=\"elementor-element elementor-element-6b20517 e-grid e-con-boxed e-con e-child\" data-id=\"6b20517\" data-element_type=\"container\" data-e-type=\"container\" data-settings=\"{&quot;jet_parallax_layout_list&quot;:[]}\">\n\t\t\t\t\t<div class=\"e-con-inner\">\n\t\t\t\t<div class=\"elementor-element elementor-element-1e55287 dce_masking-none elementor-widget elementor-widget-image\" data-id=\"1e55287\" data-element_type=\"widget\" data-e-type=\"widget\" data-widget_type=\"image.default\">\n\t\t\t\t\t\t\t\t\t\t\t\t\t\t\t<img loading=\"lazy\" decoding=\"async\" width=\"154\" height=\"148\" src=\"https:\/\/grupopavicret.com\/wp-content\/uploads\/2025\/09\/Logo_Master_Blades-1.avif\" class=\"attachment-large size-large wp-image-763\" alt=\"\" \/>\t\t\t\t\t\t\t\t\t\t\t\t\t\t\t<\/div>\n\t\t\t\t<div class=\"elementor-element elementor-element-ccf4e4f dce_masking-none elementor-widget elementor-widget-image\" data-id=\"ccf4e4f\" data-element_type=\"widget\" data-e-type=\"widget\" data-widget_type=\"image.default\">\n\t\t\t\t\t\t\t\t\t\t\t\t\t\t\t<img loading=\"lazy\" decoding=\"async\" width=\"216\" height=\"106\" src=\"https:\/\/grupopavicret.com\/wp-content\/uploads\/2025\/09\/Recurso-3pfs-1.avif\" class=\"attachment-large size-large wp-image-764\" alt=\"\" \/>\t\t\t\t\t\t\t\t\t\t\t\t\t\t\t<\/div>\n\t\t\t\t\t<\/div>\n\t\t\t\t<\/div>\n\t\t\t\t<\/div>\n\t\t\t\t<\/div>\n\t\t","protected":false},"excerpt":{"rendered":"<p>Official Distributors At the Pavicret Group, we drive the marketing of technical solutions for the construction industry: from decorative flooring and wall coverings to cementitious adhesives and microcement systems.With the backing of Pavicret, Colcret, and MicroDeko, we serve professionals and distributors worldwide, guaranteeing quality, innovation, and expert technical support. Industrial and decorative pavements and comprehensive [&hellip;]<\/p>\n","protected":false},"author":1,"featured_media":0,"parent":0,"menu_order":0,"comment_status":"closed","ping_status":"open","template":"","meta":{"footnotes":""},"class_list":["post-755","page","type-page","status-publish","hentry"],"yoast_head":"<!-- This site is optimized with the Yoast SEO plugin v27.4 - https:\/\/yoast.com\/product\/yoast-seo-wordpress\/ -->\n<title>Brands - Grupo pavicret<\/title>\n<meta name=\"description\" content=\"Discover the brands of Grupo Pavicret: Pavicret, Colcret, and Microdeko, offering innovative solutions in construction.\" \/>\n<meta name=\"robots\" content=\"index, follow, max-snippet:-1, max-image-preview:large, max-video-preview:-1\" \/>\n<link rel=\"canonical\" href=\"https:\/\/grupopavicret.com\/en\/brands\/\" \/>\n<meta property=\"og:locale\" content=\"en_US\" \/>\n<meta property=\"og:type\" content=\"article\" \/>\n<meta property=\"og:title\" content=\"Brands - Grupo pavicret\" \/>\n<meta property=\"og:description\" content=\"Discover the brands of Grupo Pavicret: Pavicret, Colcret, and Microdeko, offering innovative solutions in construction.\" \/>\n<meta property=\"og:url\" content=\"https:\/\/grupopavicret.com\/en\/brands\/\" \/>\n<meta property=\"og:site_name\" content=\"Grupo pavicret\" \/>\n<meta property=\"article:publisher\" content=\"https:\/\/www.facebook.com\/pavicret\/?locale=es_ES\" \/>\n<meta property=\"article:modified_time\" content=\"2025-12-12T13:04:23+00:00\" \/>\n<meta property=\"og:image\" content=\"https:\/\/grupopavicret.com\/wp-content\/uploads\/2025\/09\/Recurso-9@3x-1.png\" \/>\n\t<meta property=\"og:image:width\" content=\"145\" \/>\n\t<meta property=\"og:image:height\" content=\"142\" \/>\n\t<meta property=\"og:image:type\" content=\"image\/png\" \/>\n<script type=\"application\/ld+json\" class=\"yoast-schema-graph\">{\"@context\":\"https:\\\/\\\/schema.org\",\"@graph\":[{\"@type\":\"WebPage\",\"@id\":\"https:\\\/\\\/grupopavicret.com\\\/en\\\/brands\\\/\",\"url\":\"https:\\\/\\\/grupopavicret.com\\\/en\\\/brands\\\/\",\"name\":\"Brands - Grupo pavicret\",\"isPartOf\":{\"@id\":\"https:\\\/\\\/grupopavicret.com\\\/en\\\/#website\"},\"primaryImageOfPage\":{\"@id\":\"https:\\\/\\\/grupopavicret.com\\\/en\\\/brands\\\/#primaryimage\"},\"image\":{\"@id\":\"https:\\\/\\\/grupopavicret.com\\\/en\\\/brands\\\/#primaryimage\"},\"thumbnailUrl\":\"https:\\\/\\\/grupopavicret.com\\\/wp-content\\\/uploads\\\/2025\\\/09\\\/Recurso-9@3x-1.png\",\"datePublished\":\"2025-09-10T10:07:33+00:00\",\"dateModified\":\"2025-12-12T13:04:23+00:00\",\"description\":\"Discover the brands of Grupo Pavicret: Pavicret, Colcret, and Microdeko, offering innovative solutions in construction.\",\"breadcrumb\":{\"@id\":\"https:\\\/\\\/grupopavicret.com\\\/en\\\/brands\\\/#breadcrumb\"},\"inLanguage\":\"en-US\",\"potentialAction\":[{\"@type\":\"ReadAction\",\"target\":[\"https:\\\/\\\/grupopavicret.com\\\/en\\\/brands\\\/\"]}]},{\"@type\":\"ImageObject\",\"inLanguage\":\"en-US\",\"@id\":\"https:\\\/\\\/grupopavicret.com\\\/en\\\/brands\\\/#primaryimage\",\"url\":\"https:\\\/\\\/grupopavicret.com\\\/wp-content\\\/uploads\\\/2025\\\/09\\\/Recurso-9@3x-1.png\",\"contentUrl\":\"https:\\\/\\\/grupopavicret.com\\\/wp-content\\\/uploads\\\/2025\\\/09\\\/Recurso-9@3x-1.png\"},{\"@type\":\"BreadcrumbList\",\"@id\":\"https:\\\/\\\/grupopavicret.com\\\/en\\\/brands\\\/#breadcrumb\",\"itemListElement\":[{\"@type\":\"ListItem\",\"position\":1,\"name\":\"Home\",\"item\":\"https:\\\/\\\/grupopavicret.com\\\/en\\\/home\\\/\"},{\"@type\":\"ListItem\",\"position\":2,\"name\":\"Brands\"}]},{\"@type\":\"WebSite\",\"@id\":\"https:\\\/\\\/grupopavicret.com\\\/en\\\/#website\",\"url\":\"https:\\\/\\\/grupopavicret.com\\\/en\\\/\",\"name\":\"Grupo pavicret\",\"description\":\"\",\"publisher\":{\"@id\":\"https:\\\/\\\/grupopavicret.com\\\/en\\\/#organization\"},\"potentialAction\":[{\"@type\":\"SearchAction\",\"target\":{\"@type\":\"EntryPoint\",\"urlTemplate\":\"https:\\\/\\\/grupopavicret.com\\\/en\\\/?s={search_term_string}\"},\"query-input\":{\"@type\":\"PropertyValueSpecification\",\"valueRequired\":true,\"valueName\":\"search_term_string\"}}],\"inLanguage\":\"en-US\"},{\"@type\":\"Organization\",\"@id\":\"https:\\\/\\\/grupopavicret.com\\\/en\\\/#organization\",\"name\":\"Grupo pavicret\",\"url\":\"https:\\\/\\\/grupopavicret.com\\\/en\\\/\",\"logo\":{\"@type\":\"ImageObject\",\"inLanguage\":\"en-US\",\"@id\":\"https:\\\/\\\/grupopavicret.com\\\/en\\\/#\\\/schema\\\/logo\\\/image\\\/\",\"url\":\"http:\\\/\\\/grupopavicret.com\\\/wp-content\\\/uploads\\\/2025\\\/09\\\/Grupo_Pavicret_logo.avif\",\"contentUrl\":\"http:\\\/\\\/grupopavicret.com\\\/wp-content\\\/uploads\\\/2025\\\/09\\\/Grupo_Pavicret_logo.avif\",\"width\":187,\"height\":65,\"caption\":\"Grupo pavicret\"},\"image\":{\"@id\":\"https:\\\/\\\/grupopavicret.com\\\/en\\\/#\\\/schema\\\/logo\\\/image\\\/\"},\"sameAs\":[\"https:\\\/\\\/www.facebook.com\\\/pavicret\\\/?locale=es_ES\"]}]}<\/script>\n<!-- \/ Yoast SEO plugin. -->","yoast_head_json":{"title":"Brands - Grupo pavicret","description":"Discover the brands of Grupo Pavicret: Pavicret, Colcret, and Microdeko, offering innovative solutions in construction.","robots":{"index":"index","follow":"follow","max-snippet":"max-snippet:-1","max-image-preview":"max-image-preview:large","max-video-preview":"max-video-preview:-1"},"canonical":"https:\/\/grupopavicret.com\/en\/brands\/","og_locale":"en_US","og_type":"article","og_title":"Brands - Grupo pavicret","og_description":"Discover the brands of Grupo Pavicret: Pavicret, Colcret, and Microdeko, offering innovative solutions in construction.","og_url":"https:\/\/grupopavicret.com\/en\/brands\/","og_site_name":"Grupo pavicret","article_publisher":"https:\/\/www.facebook.com\/pavicret\/?locale=es_ES","article_modified_time":"2025-12-12T13:04:23+00:00","og_image":[{"width":145,"height":142,"url":"https:\/\/grupopavicret.com\/wp-content\/uploads\/2025\/09\/Recurso-9@3x-1.png","type":"image\/png"}],"schema":{"@context":"https:\/\/schema.org","@graph":[{"@type":"WebPage","@id":"https:\/\/grupopavicret.com\/en\/brands\/","url":"https:\/\/grupopavicret.com\/en\/brands\/","name":"Brands - Grupo pavicret","isPartOf":{"@id":"https:\/\/grupopavicret.com\/en\/#website"},"primaryImageOfPage":{"@id":"https:\/\/grupopavicret.com\/en\/brands\/#primaryimage"},"image":{"@id":"https:\/\/grupopavicret.com\/en\/brands\/#primaryimage"},"thumbnailUrl":"https:\/\/grupopavicret.com\/wp-content\/uploads\/2025\/09\/Recurso-9@3x-1.png","datePublished":"2025-09-10T10:07:33+00:00","dateModified":"2025-12-12T13:04:23+00:00","description":"Discover the brands of Grupo Pavicret: Pavicret, Colcret, and Microdeko, offering innovative solutions in construction.","breadcrumb":{"@id":"https:\/\/grupopavicret.com\/en\/brands\/#breadcrumb"},"inLanguage":"en-US","potentialAction":[{"@type":"ReadAction","target":["https:\/\/grupopavicret.com\/en\/brands\/"]}]},{"@type":"ImageObject","inLanguage":"en-US","@id":"https:\/\/grupopavicret.com\/en\/brands\/#primaryimage","url":"https:\/\/grupopavicret.com\/wp-content\/uploads\/2025\/09\/Recurso-9@3x-1.png","contentUrl":"https:\/\/grupopavicret.com\/wp-content\/uploads\/2025\/09\/Recurso-9@3x-1.png"},{"@type":"BreadcrumbList","@id":"https:\/\/grupopavicret.com\/en\/brands\/#breadcrumb","itemListElement":[{"@type":"ListItem","position":1,"name":"Home","item":"https:\/\/grupopavicret.com\/en\/home\/"},{"@type":"ListItem","position":2,"name":"Brands"}]},{"@type":"WebSite","@id":"https:\/\/grupopavicret.com\/en\/#website","url":"https:\/\/grupopavicret.com\/en\/","name":"Grupo pavicret","description":"","publisher":{"@id":"https:\/\/grupopavicret.com\/en\/#organization"},"potentialAction":[{"@type":"SearchAction","target":{"@type":"EntryPoint","urlTemplate":"https:\/\/grupopavicret.com\/en\/?s={search_term_string}"},"query-input":{"@type":"PropertyValueSpecification","valueRequired":true,"valueName":"search_term_string"}}],"inLanguage":"en-US"},{"@type":"Organization","@id":"https:\/\/grupopavicret.com\/en\/#organization","name":"Grupo pavicret","url":"https:\/\/grupopavicret.com\/en\/","logo":{"@type":"ImageObject","inLanguage":"en-US","@id":"https:\/\/grupopavicret.com\/en\/#\/schema\/logo\/image\/","url":"http:\/\/grupopavicret.com\/wp-content\/uploads\/2025\/09\/Grupo_Pavicret_logo.avif","contentUrl":"http:\/\/grupopavicret.com\/wp-content\/uploads\/2025\/09\/Grupo_Pavicret_logo.avif","width":187,"height":65,"caption":"Grupo pavicret"},"image":{"@id":"https:\/\/grupopavicret.com\/en\/#\/schema\/logo\/image\/"},"sameAs":["https:\/\/www.facebook.com\/pavicret\/?locale=es_ES"]}]}},"_links":{"self":[{"href":"https:\/\/grupopavicret.com\/en\/wp-json\/wp\/v2\/pages\/755","targetHints":{"allow":["GET"]}}],"collection":[{"href":"https:\/\/grupopavicret.com\/en\/wp-json\/wp\/v2\/pages"}],"about":[{"href":"https:\/\/grupopavicret.com\/en\/wp-json\/wp\/v2\/types\/page"}],"author":[{"embeddable":true,"href":"https:\/\/grupopavicret.com\/en\/wp-json\/wp\/v2\/users\/1"}],"replies":[{"embeddable":true,"href":"https:\/\/grupopavicret.com\/en\/wp-json\/wp\/v2\/comments?post=755"}],"version-history":[{"count":3,"href":"https:\/\/grupopavicret.com\/en\/wp-json\/wp\/v2\/pages\/755\/revisions"}],"predecessor-version":[{"id":10048,"href":"https:\/\/grupopavicret.com\/en\/wp-json\/wp\/v2\/pages\/755\/revisions\/10048"}],"wp:attachment":[{"href":"https:\/\/grupopavicret.com\/en\/wp-json\/wp\/v2\/media?parent=755"}],"curies":[{"name":"wp","href":"https:\/\/api.w.org\/{rel}","templated":true}]}}